{"id":10231,"date":"2023-08-30T18:51:59","date_gmt":"2023-08-30T16:51:59","guid":{"rendered":"https:\/\/clay212.com\/?page_id=10231"},"modified":"2024-01-31T23:10:59","modified_gmt":"2024-01-31T22:10:59","slug":"webshop","status":"publish","type":"page","link":"https:\/\/clay212.com\/en\/webshop\/","title":{"rendered":"Webshop"},"content":{"rendered":"<div data-elementor-type=\"wp-page\" data-elementor-id=\"10231\" class=\"elementor elementor-10231\">\n\t\t\t\t\t\t<section class=\"wd-negative-gap elementor-section elementor-top-section elementor-element elementor-element-7400951 elementor-hidden-desktop elementor-hidden-tablet elementor-hidden-mobile elementor-section-boxed elementor-section-height-default elementor-section-height-default\" data-id=\"7400951\" data-element_type=\"section\" data-e-type=\"section\">\n\t\t\t\t\t\t<div class=\"elementor-container elementor-column-gap-default\">\n\t\t\t\t\t<div class=\"elementor-column elementor-col-50 elementor-top-column elementor-element elementor-element-f80c93d\" data-id=\"f80c93d\" data-element_type=\"column\" data-e-type=\"column\">\n\t\t\t<div class=\"elementor-widget-wrap elementor-element-populated\">\n\t\t\t\t\t\t<div class=\"elementor-element elementor-element-abaf8be wd-width-100 elementor-widget elementor-widget-wd_title\" data-id=\"abaf8be\" data-element_type=\"widget\" data-e-type=\"widget\" data-widget_type=\"wd_title.default\">\n\t\t\t\t<div class=\"elementor-widget-container\">\n\t\t\t\t\t\t\t<div class=\"title-wrapper wd-set-mb reset-last-child wd-title-color-default wd-title-style-default wd-title-size-large text-left\">\n\n\t\t\t\n\t\t\t<div class=\"liner-continer\">\n\t\t\t\t<h4 class=\"woodmart-title-container title wd-fontsize-xxl\">Welcome to the homepage of our Webshop<br \/>\n<\/h4> \n\t\t\t\t\t\t\t<\/div>\n\n\t\t\t\t\t<\/div>\n\t\t\t\t\t\t<\/div>\n\t\t\t\t<\/div>\n\t\t\t\t\t<\/div>\n\t\t<\/div>\n\t\t\t\t<div class=\"elementor-column elementor-col-50 elementor-top-column elementor-element elementor-element-2222208\" data-id=\"2222208\" data-element_type=\"column\" data-e-type=\"column\">\n\t\t\t<div class=\"elementor-widget-wrap elementor-element-populated\">\n\t\t\t\t\t\t<div class=\"elementor-element elementor-element-dee2050 webshop-text elementor-widget elementor-widget-wd_text_block\" data-id=\"dee2050\" data-element_type=\"widget\" data-e-type=\"widget\" id=\"webshop-text-mobile\" data-widget_type=\"wd_text_block.default\">\n\t\t\t\t<div class=\"elementor-widget-container\">\n\t\t\t\t\t\t\t<div class=\"wd-text-block reset-last-child text-left\">\n\t\t\t\n\t\t\t<p>Notre plateforme d'achat s'adresse exclusivement \u00e0 notre client\u00e8le professionnelle et est soumise \u00e0 l'approbation pr\u00e9alable de nos Conditions de Vente. Si vous souhaitez obtenir un code d'acc\u00e8s, nous vous prions de bien vouloir compl\u00e9ter le formulaire pr\u00e9sent\u00e9 ci-dessous. Notre \u00e9quipe commerciale se fera un plaisir de vous contacter dans les plus\u00a0brefs\u00a0d\u00e9lais.<\/p>\n\t\t\t\t\t<\/div>\n\t\t\t\t\t\t<\/div>\n\t\t\t\t<\/div>\n\t\t\t\t\t<\/div>\n\t\t<\/div>\n\t\t\t\t\t<\/div>\n\t\t<\/section>\n\t\t\t\t<section class=\"elementor-section elementor-top-section elementor-element elementor-element-c5074e1 elementor-section-full_width elementor-section-stretched elementor-section-height-default elementor-section-height-default\" data-id=\"c5074e1\" data-element_type=\"section\" data-e-type=\"section\" data-settings=\"{&quot;stretch_section&quot;:&quot;section-stretched&quot;}\">\n\t\t\t\t\t\t<div class=\"elementor-container elementor-column-gap-default\">\n\t\t\t\t\t<div class=\"elementor-column elementor-col-100 elementor-top-column elementor-element elementor-element-2b10865\" data-id=\"2b10865\" data-element_type=\"column\" data-e-type=\"column\">\n\t\t\t<div class=\"elementor-widget-wrap elementor-element-populated\">\n\t\t\t\t\t\t<div class=\"elementor-element elementor-element-aa0acfa wd-width-100 elementor-widget elementor-widget-wd_title\" data-id=\"aa0acfa\" data-element_type=\"widget\" data-e-type=\"widget\" data-widget_type=\"wd_title.default\">\n\t\t\t\t<div class=\"elementor-widget-container\">\n\t\t\t\t\t\t\t<div class=\"title-wrapper wd-set-mb reset-last-child wd-title-color-default wd-title-style-default wd-title-size-large text-center\">\n\n\t\t\t\n\t\t\t<div class=\"liner-continer\">\n\t\t\t\t<h4 class=\"woodmart-title-container title wd-fontsize-xxl\">Welcome to the homepage of our Webshop<br \/>\n<\/h4> \n\t\t\t\t\t\t\t<\/div>\n\n\t\t\t\t\t<\/div>\n\t\t\t\t\t\t<\/div>\n\t\t\t\t<\/div>\n\t\t\t\t<div class=\"elementor-element elementor-element-af2b406 webshop-text elementor-widget elementor-widget-wd_text_block\" data-id=\"af2b406\" data-element_type=\"widget\" data-e-type=\"widget\" id=\"webshop-text\" data-widget_type=\"wd_text_block.default\">\n\t\t\t\t<div class=\"elementor-widget-container\">\n\t\t\t\t\t\t\t<div class=\"wd-text-block reset-last-child text-center\">\n\t\t\t\n\t\t\t<p style=\"text-align: justify;\">Our WEBSHOP purchasing platform allows you to view our exclusive prices for professionals, obtain quotes, place and track orders, and access a variety of other services. To get started, simply register below, and we'll create a new account for you in no time. <br \/>Pour y acc\u00e9der, il vous suffit de vous inscrire ci-dessous et nous vous cr\u00e9erons un nouveau compte en un rien de temps. <\/p>\n\t\t\t\t\t<\/div>\n\t\t\t\t\t\t<\/div>\n\t\t\t\t<\/div>\n\t\t\t\t\t<\/div>\n\t\t<\/div>\n\t\t\t\t\t<\/div>\n\t\t<\/section>\n\t\t\t\t<section class=\"wd-negative-gap elementor-section elementor-top-section elementor-element elementor-element-5e7fe0f elementor-section-boxed elementor-section-height-default elementor-section-height-default\" data-id=\"5e7fe0f\" data-element_type=\"section\" data-e-type=\"section\" id=\"webshop-cta\">\n\t\t\t\t\t\t<div class=\"elementor-container elementor-column-gap-default\">\n\t\t\t\t\t<div class=\"elementor-column elementor-col-100 elementor-top-column elementor-element elementor-element-f5a949c\" data-id=\"f5a949c\" data-element_type=\"column\" data-e-type=\"column\">\n\t\t\t<div class=\"elementor-widget-wrap elementor-element-populated\">\n\t\t\t\t\t\t<div class=\"elementor-element elementor-element-706e105 elementor-widget elementor-widget-wd_button\" data-id=\"706e105\" data-element_type=\"widget\" data-e-type=\"widget\" data-widget_type=\"wd_button.default\">\n\t\t\t\t<div class=\"elementor-widget-container\">\n\t\t\t\t\t\t\t<div class=\"wd-button-wrapper text-center\" >\n\t\t\t<a class=\"btn btn-style-default btn-shape-rectangle btn-size-large btn-color-primary btn-icon-pos-right\"  href=\"http:\/\/clay212.com\/creations\">\n\t\t\t\t<span class=\"wd-btn-text\" data-elementor-setting-key=\"text\">\n\t\t\t\t\tDiscover our creations\t\t\t\t<\/span>\n\n\t\t\t\t\t\t\t<\/a>\n\t\t<\/div>\n\t\t\t\t\t\t<\/div>\n\t\t\t\t<\/div>\n\t\t\t\t\t<\/div>\n\t\t<\/div>\n\t\t\t\t\t<\/div>\n\t\t<\/section>\n\t\t\t\t<section class=\"wd-negative-gap elementor-section elementor-top-section elementor-element elementor-element-206b9e5 elementor-section-boxed elementor-section-height-default elementor-section-height-default\" data-id=\"206b9e5\" data-element_type=\"section\" data-e-type=\"section\">\n\t\t\t\t\t\t<div class=\"elementor-container elementor-column-gap-default\">\n\t\t\t\t\t<div class=\"elementor-column elementor-col-100 elementor-top-column elementor-element elementor-element-b2069ff\" data-id=\"b2069ff\" data-element_type=\"column\" data-e-type=\"column\">\n\t\t\t<div class=\"elementor-widget-wrap elementor-element-populated\">\n\t\t\t\t\t\t<div class=\"elementor-element elementor-element-fd0e0f0 elementor-widget elementor-widget-shortcode\" data-id=\"fd0e0f0\" data-element_type=\"widget\" data-e-type=\"widget\" data-widget_type=\"shortcode.default\">\n\t\t\t\t<div class=\"elementor-widget-container\">\n\t\t\t\t\t\t\t<div class=\"elementor-shortcode\"><div class=\"woocommerce\"><\/div><\/div>\n\t\t\t\t\t\t<\/div>\n\t\t\t\t<\/div>\n\t\t\t\t\t<\/div>\n\t\t<\/div>\n\t\t\t\t\t<\/div>\n\t\t<\/section>\n\t\t\t\t<\/div>","protected":false},"excerpt":{"rendered":"<p>Bienvenue sur la page d&rsquo;accueil de notre Webshop Notre plateforme d&rsquo;achat s&rsquo;adresse exclusivement \u00e0 notre client\u00e8le professionnelle et est soumise<\/p>","protected":false},"author":2,"featured_media":0,"parent":0,"menu_order":0,"comment_status":"closed","ping_status":"closed","template":"","meta":{"footnotes":""},"class_list":["post-10231","page","type-page","status-publish","hentry"],"yoast_head":"<!-- This site is optimized with the Yoast SEO plugin v27.4 - https:\/\/yoast.com\/product\/yoast-seo-wordpress\/ -->\n<title>Webshop - Clay212<\/title>\n<meta name=\"description\" content=\"Notre plateforme d&#039;achat WEBSHOP vous permet de visualiser nos tarifs exclusifs aux professionnels, d\u2019obtenir des devis, et suivre vos commandes.\" \/>\n<meta name=\"robots\" content=\"index, follow, max-snippet:-1, max-image-preview:large, max-video-preview:-1\" \/>\n<link rel=\"canonical\" href=\"https:\/\/clay212.com\/en\/webshop\/\" \/>\n<meta property=\"og:locale\" content=\"en_US\" \/>\n<meta property=\"og:type\" content=\"article\" \/>\n<meta property=\"og:title\" content=\"Webshop - Clay212\" \/>\n<meta property=\"og:description\" content=\"Notre plateforme d&#039;achat WEBSHOP vous permet de visualiser nos tarifs exclusifs aux professionnels, d\u2019obtenir des devis, et suivre vos commandes.\" \/>\n<meta property=\"og:url\" content=\"https:\/\/clay212.com\/en\/webshop\/\" \/>\n<meta property=\"og:site_name\" content=\"Clay212\" \/>\n<meta property=\"article:modified_time\" content=\"2024-01-31T22:10:59+00:00\" \/>\n<meta name=\"twitter:card\" content=\"summary_large_image\" \/>\n<meta name=\"twitter:label1\" content=\"Est. reading time\" \/>\n\t<meta name=\"twitter:data1\" content=\"1 minute\" \/>\n<script type=\"application\/ld+json\" class=\"yoast-schema-graph\">{\"@context\":\"https:\\\/\\\/schema.org\",\"@graph\":[{\"@type\":\"WebPage\",\"@id\":\"https:\\\/\\\/clay212.com\\\/webshop\\\/\",\"url\":\"https:\\\/\\\/clay212.com\\\/webshop\\\/\",\"name\":\"Webshop - Clay212\",\"isPartOf\":{\"@id\":\"https:\\\/\\\/clay212.com\\\/#website\"},\"datePublished\":\"2023-08-30T16:51:59+00:00\",\"dateModified\":\"2024-01-31T22:10:59+00:00\",\"description\":\"Notre plateforme d'achat WEBSHOP vous permet de visualiser nos tarifs exclusifs aux professionnels, d\u2019obtenir des devis, et suivre vos commandes.\",\"breadcrumb\":{\"@id\":\"https:\\\/\\\/clay212.com\\\/webshop\\\/#breadcrumb\"},\"inLanguage\":\"en-US\",\"potentialAction\":[{\"@type\":\"ReadAction\",\"target\":[\"https:\\\/\\\/clay212.com\\\/webshop\\\/\"]}]},{\"@type\":\"BreadcrumbList\",\"@id\":\"https:\\\/\\\/clay212.com\\\/webshop\\\/#breadcrumb\",\"itemListElement\":[{\"@type\":\"ListItem\",\"position\":1,\"name\":\"Home\",\"item\":\"https:\\\/\\\/clay212.com\\\/\"},{\"@type\":\"ListItem\",\"position\":2,\"name\":\"Webshop\"}]},{\"@type\":\"WebSite\",\"@id\":\"https:\\\/\\\/clay212.com\\\/#website\",\"url\":\"https:\\\/\\\/clay212.com\\\/\",\"name\":\"Clay212\",\"description\":\"Poterie authentique &amp; contemporaine\",\"potentialAction\":[{\"@type\":\"SearchAction\",\"target\":{\"@type\":\"EntryPoint\",\"urlTemplate\":\"https:\\\/\\\/clay212.com\\\/?s={search_term_string}\"},\"query-input\":{\"@type\":\"PropertyValueSpecification\",\"valueRequired\":true,\"valueName\":\"search_term_string\"}}],\"inLanguage\":\"en-US\"}]}<\/script>\n<!-- \/ Yoast SEO plugin. -->","yoast_head_json":{"title":"Webshop - Clay212","description":"Notre plateforme d'achat WEBSHOP vous permet de visualiser nos tarifs exclusifs aux professionnels, d\u2019obtenir des devis, et suivre vos commandes.","robots":{"index":"index","follow":"follow","max-snippet":"max-snippet:-1","max-image-preview":"max-image-preview:large","max-video-preview":"max-video-preview:-1"},"canonical":"https:\/\/clay212.com\/en\/webshop\/","og_locale":"en_US","og_type":"article","og_title":"Webshop - Clay212","og_description":"Notre plateforme d'achat WEBSHOP vous permet de visualiser nos tarifs exclusifs aux professionnels, d\u2019obtenir des devis, et suivre vos commandes.","og_url":"https:\/\/clay212.com\/en\/webshop\/","og_site_name":"Clay212","article_modified_time":"2024-01-31T22:10:59+00:00","twitter_card":"summary_large_image","twitter_misc":{"Est. reading time":"1 minute"},"schema":{"@context":"https:\/\/schema.org","@graph":[{"@type":"WebPage","@id":"https:\/\/clay212.com\/webshop\/","url":"https:\/\/clay212.com\/webshop\/","name":"Webshop - Clay212","isPartOf":{"@id":"https:\/\/clay212.com\/#website"},"datePublished":"2023-08-30T16:51:59+00:00","dateModified":"2024-01-31T22:10:59+00:00","description":"Notre plateforme d'achat WEBSHOP vous permet de visualiser nos tarifs exclusifs aux professionnels, d\u2019obtenir des devis, et suivre vos commandes.","breadcrumb":{"@id":"https:\/\/clay212.com\/webshop\/#breadcrumb"},"inLanguage":"en-US","potentialAction":[{"@type":"ReadAction","target":["https:\/\/clay212.com\/webshop\/"]}]},{"@type":"BreadcrumbList","@id":"https:\/\/clay212.com\/webshop\/#breadcrumb","itemListElement":[{"@type":"ListItem","position":1,"name":"Home","item":"https:\/\/clay212.com\/"},{"@type":"ListItem","position":2,"name":"Webshop"}]},{"@type":"WebSite","@id":"https:\/\/clay212.com\/#website","url":"https:\/\/clay212.com\/","name":"Clay212","description":"Poterie authentique &amp; contemporaine","potentialAction":[{"@type":"SearchAction","target":{"@type":"EntryPoint","urlTemplate":"https:\/\/clay212.com\/?s={search_term_string}"},"query-input":{"@type":"PropertyValueSpecification","valueRequired":true,"valueName":"search_term_string"}}],"inLanguage":"en-US"}]}},"_links":{"self":[{"href":"https:\/\/clay212.com\/en\/wp-json\/wp\/v2\/pages\/10231","targetHints":{"allow":["GET"]}}],"collection":[{"href":"https:\/\/clay212.com\/en\/wp-json\/wp\/v2\/pages"}],"about":[{"href":"https:\/\/clay212.com\/en\/wp-json\/wp\/v2\/types\/page"}],"author":[{"embeddable":true,"href":"https:\/\/clay212.com\/en\/wp-json\/wp\/v2\/users\/2"}],"replies":[{"embeddable":true,"href":"https:\/\/clay212.com\/en\/wp-json\/wp\/v2\/comments?post=10231"}],"version-history":[{"count":105,"href":"https:\/\/clay212.com\/en\/wp-json\/wp\/v2\/pages\/10231\/revisions"}],"predecessor-version":[{"id":10914,"href":"https:\/\/clay212.com\/en\/wp-json\/wp\/v2\/pages\/10231\/revisions\/10914"}],"wp:attachment":[{"href":"https:\/\/clay212.com\/en\/wp-json\/wp\/v2\/media?parent=10231"}],"curies":[{"name":"wp","href":"https:\/\/api.w.org\/{rel}","templated":true}]}}