{"id":8980,"date":"2023-07-11T04:06:23","date_gmt":"2023-07-11T02:06:23","guid":{"rendered":"https:\/\/clay212.com\/?page_id=8980"},"modified":"2024-01-15T10:52:45","modified_gmt":"2024-01-15T09:52:45","slug":"creations","status":"publish","type":"page","link":"https:\/\/clay212.com\/en\/creations\/","title":{"rendered":"Creations"},"content":{"rendered":"","protected":false},"excerpt":{"rendered":"","protected":false},"author":2,"featured_media":0,"parent":0,"menu_order":0,"comment_status":"closed","ping_status":"closed","template":"","meta":{"footnotes":""},"class_list":["post-8980","page","type-page","status-publish","hentry"],"yoast_head":"<!-- This site is optimized with the Yoast SEO plugin v27.4 - https:\/\/yoast.com\/product\/yoast-seo-wordpress\/ -->\n<title>Cr\u00e9ations - Clay212<\/title>\n<meta name=\"description\" content=\"CLAY212 d\u00e9tourne La poterie de sa fonction premi\u00e8re. Le vase devient sculpture, presque une \u0153uvre d\u2019art, avec une histoire, une \u00e2me.\" \/>\n<meta name=\"robots\" content=\"index, follow, max-snippet:-1, max-image-preview:large, max-video-preview:-1\" \/>\n<link rel=\"canonical\" href=\"https:\/\/clay212.com\/en\/creations\/\" \/>\n<meta property=\"og:locale\" content=\"en_US\" \/>\n<meta property=\"og:type\" content=\"article\" \/>\n<meta property=\"og:title\" content=\"Cr\u00e9ations - Clay212\" \/>\n<meta property=\"og:description\" content=\"CLAY212 d\u00e9tourne La poterie de sa fonction premi\u00e8re. Le vase devient sculpture, presque une \u0153uvre d\u2019art, avec une histoire, une \u00e2me.\" \/>\n<meta property=\"og:url\" content=\"https:\/\/clay212.com\/en\/creations\/\" \/>\n<meta property=\"og:site_name\" content=\"Clay212\" \/>\n<meta property=\"article:modified_time\" content=\"2024-01-15T09:52:45+00:00\" \/>\n<meta name=\"twitter:card\" content=\"summary_large_image\" \/>\n<script type=\"application\/ld+json\" class=\"yoast-schema-graph\">{\"@context\":\"https:\\\/\\\/schema.org\",\"@graph\":[{\"@type\":\"WebPage\",\"@id\":\"https:\\\/\\\/clay212.com\\\/creations\\\/\",\"url\":\"https:\\\/\\\/clay212.com\\\/creations\\\/\",\"name\":\"Cr\u00e9ations - Clay212\",\"isPartOf\":{\"@id\":\"https:\\\/\\\/clay212.com\\\/#website\"},\"datePublished\":\"2023-07-11T02:06:23+00:00\",\"dateModified\":\"2024-01-15T09:52:45+00:00\",\"description\":\"CLAY212 d\u00e9tourne La poterie de sa fonction premi\u00e8re. Le vase devient sculpture, presque une \u0153uvre d\u2019art, avec une histoire, une \u00e2me.\",\"breadcrumb\":{\"@id\":\"https:\\\/\\\/clay212.com\\\/creations\\\/#breadcrumb\"},\"inLanguage\":\"en-US\",\"potentialAction\":[{\"@type\":\"ReadAction\",\"target\":[\"https:\\\/\\\/clay212.com\\\/creations\\\/\"]}]},{\"@type\":\"BreadcrumbList\",\"@id\":\"https:\\\/\\\/clay212.com\\\/creations\\\/#breadcrumb\",\"itemListElement\":[{\"@type\":\"ListItem\",\"position\":1,\"name\":\"Home\",\"item\":\"https:\\\/\\\/clay212.com\\\/\"},{\"@type\":\"ListItem\",\"position\":2,\"name\":\"Cr\u00e9ations\"}]},{\"@type\":\"WebSite\",\"@id\":\"https:\\\/\\\/clay212.com\\\/#website\",\"url\":\"https:\\\/\\\/clay212.com\\\/\",\"name\":\"Clay212\",\"description\":\"Poterie authentique &amp; contemporaine\",\"potentialAction\":[{\"@type\":\"SearchAction\",\"target\":{\"@type\":\"EntryPoint\",\"urlTemplate\":\"https:\\\/\\\/clay212.com\\\/?s={search_term_string}\"},\"query-input\":{\"@type\":\"PropertyValueSpecification\",\"valueRequired\":true,\"valueName\":\"search_term_string\"}}],\"inLanguage\":\"en-US\"}]}<\/script>\n<!-- \/ Yoast SEO plugin. -->","yoast_head_json":{"title":"Cr\u00e9ations - Clay212","description":"CLAY212 d\u00e9tourne La poterie de sa fonction premi\u00e8re. Le vase devient sculpture, presque une \u0153uvre d\u2019art, avec une histoire, une \u00e2me.","robots":{"index":"index","follow":"follow","max-snippet":"max-snippet:-1","max-image-preview":"max-image-preview:large","max-video-preview":"max-video-preview:-1"},"canonical":"https:\/\/clay212.com\/en\/creations\/","og_locale":"en_US","og_type":"article","og_title":"Cr\u00e9ations - Clay212","og_description":"CLAY212 d\u00e9tourne La poterie de sa fonction premi\u00e8re. Le vase devient sculpture, presque une \u0153uvre d\u2019art, avec une histoire, une \u00e2me.","og_url":"https:\/\/clay212.com\/en\/creations\/","og_site_name":"Clay212","article_modified_time":"2024-01-15T09:52:45+00:00","twitter_card":"summary_large_image","schema":{"@context":"https:\/\/schema.org","@graph":[{"@type":"WebPage","@id":"https:\/\/clay212.com\/creations\/","url":"https:\/\/clay212.com\/creations\/","name":"Cr\u00e9ations - Clay212","isPartOf":{"@id":"https:\/\/clay212.com\/#website"},"datePublished":"2023-07-11T02:06:23+00:00","dateModified":"2024-01-15T09:52:45+00:00","description":"CLAY212 d\u00e9tourne La poterie de sa fonction premi\u00e8re. Le vase devient sculpture, presque une \u0153uvre d\u2019art, avec une histoire, une \u00e2me.","breadcrumb":{"@id":"https:\/\/clay212.com\/creations\/#breadcrumb"},"inLanguage":"en-US","potentialAction":[{"@type":"ReadAction","target":["https:\/\/clay212.com\/creations\/"]}]},{"@type":"BreadcrumbList","@id":"https:\/\/clay212.com\/creations\/#breadcrumb","itemListElement":[{"@type":"ListItem","position":1,"name":"Home","item":"https:\/\/clay212.com\/"},{"@type":"ListItem","position":2,"name":"Cr\u00e9ations"}]},{"@type":"WebSite","@id":"https:\/\/clay212.com\/#website","url":"https:\/\/clay212.com\/","name":"Clay212","description":"Poterie authentique &amp; contemporaine","potentialAction":[{"@type":"SearchAction","target":{"@type":"EntryPoint","urlTemplate":"https:\/\/clay212.com\/?s={search_term_string}"},"query-input":{"@type":"PropertyValueSpecification","valueRequired":true,"valueName":"search_term_string"}}],"inLanguage":"en-US"}]}},"_links":{"self":[{"href":"https:\/\/clay212.com\/en\/wp-json\/wp\/v2\/pages\/8980","targetHints":{"allow":["GET"]}}],"collection":[{"href":"https:\/\/clay212.com\/en\/wp-json\/wp\/v2\/pages"}],"about":[{"href":"https:\/\/clay212.com\/en\/wp-json\/wp\/v2\/types\/page"}],"author":[{"embeddable":true,"href":"https:\/\/clay212.com\/en\/wp-json\/wp\/v2\/users\/2"}],"replies":[{"embeddable":true,"href":"https:\/\/clay212.com\/en\/wp-json\/wp\/v2\/comments?post=8980"}],"version-history":[{"count":3,"href":"https:\/\/clay212.com\/en\/wp-json\/wp\/v2\/pages\/8980\/revisions"}],"predecessor-version":[{"id":10180,"href":"https:\/\/clay212.com\/en\/wp-json\/wp\/v2\/pages\/8980\/revisions\/10180"}],"wp:attachment":[{"href":"https:\/\/clay212.com\/en\/wp-json\/wp\/v2\/media?parent=8980"}],"curies":[{"name":"wp","href":"https:\/\/api.w.org\/{rel}","templated":true}]}}