{"id":11082,"date":"2024-01-16T09:35:58","date_gmt":"2024-01-16T08:35:58","guid":{"rendered":"https:\/\/clay212.com\/produit\/uncategorized\/vase-barbaricos-prickle-i-b-brun-vert\/"},"modified":"2026-01-05T21:21:40","modified_gmt":"2026-01-05T20:21:40","slug":"vase-barbaricos-prickle-i-b-brun-vert","status":"publish","type":"product","link":"https:\/\/clay212.com\/en\/creations\/barbaricos\/vase-barbaricos-prickle-i-b-brun-vert\/","title":{"rendered":"Vase Barbaricos Prickle I B Brun Vert"},"content":{"rendered":"","protected":false},"excerpt":{"rendered":"<p>Terracotta vase inspired by iconic cacti and prickly pears, a perfect fusion of tribal style and ethnic chic elegance, celebrating nature and culture with authenticity and originality.<\/p>\n<p>H29 D15,5 \u00d814<\/p>","protected":false},"featured_media":11500,"template":"","meta":[],"product_brand":[],"product_cat":[76],"product_tag":[],"class_list":{"0":"post-11082","1":"product","2":"type-product","3":"status-publish","4":"has-post-thumbnail","6":"product_cat-barbaricos","8":"first","9":"instock","10":"taxable","11":"shipping-taxable","12":"purchasable","13":"product-type-simple"},"yoast_head":"<!-- This site is optimized with the Yoast SEO plugin v27.4 - https:\/\/yoast.com\/product\/yoast-seo-wordpress\/ -->\n<title>Vase Barbaricos Prickle I B Brun Vert - Clay212<\/title>\n<meta name=\"robots\" content=\"index, follow, max-snippet:-1, max-image-preview:large, max-video-preview:-1\" \/>\n<link rel=\"canonical\" href=\"https:\/\/clay212.com\/en\/creations\/barbaricos\/vase-barbaricos-prickle-i-b-brun-vert\/\" \/>\n<meta property=\"og:locale\" content=\"en_US\" \/>\n<meta property=\"og:type\" content=\"article\" \/>\n<meta property=\"og:title\" content=\"Vase Barbaricos Prickle I B Brun Vert - Clay212\" \/>\n<meta property=\"og:description\" content=\"Vase en terre cuite inspir\u00e9 des cactus embl\u00e9matiques et des figues de barbarie, fusion parfaite entre le style tribal et l&#039;\u00e9l\u00e9gance ethnique chic, c\u00e9l\u00e9brant la nature et la culture avec authenticit\u00e9 et originalit\u00e9.  H29 D15,5 \u00d814\" \/>\n<meta property=\"og:url\" content=\"https:\/\/clay212.com\/en\/creations\/barbaricos\/vase-barbaricos-prickle-i-b-brun-vert\/\" \/>\n<meta property=\"og:site_name\" content=\"Clay212\" \/>\n<meta property=\"article:modified_time\" content=\"2026-01-05T20:21:40+00:00\" \/>\n<meta property=\"og:image\" content=\"https:\/\/clay212.com\/wp-content\/uploads\/2024\/01\/Vase-Barbaricos-Prickle-I-B-Brun-Vert_1.jpg\" \/>\n\t<meta property=\"og:image:width\" content=\"700\" \/>\n\t<meta property=\"og:image:height\" content=\"800\" \/>\n\t<meta property=\"og:image:type\" content=\"image\/jpeg\" \/>\n<meta name=\"twitter:card\" content=\"summary_large_image\" \/>\n<meta name=\"twitter:label1\" content=\"Est. reading time\" \/>\n\t<meta name=\"twitter:data1\" content=\"1 minute\" \/>\n<script type=\"application\/ld+json\" class=\"yoast-schema-graph\">{\"@context\":\"https:\\\/\\\/schema.org\",\"@graph\":[{\"@type\":[\"WebPage\",\"ItemPage\"],\"@id\":\"https:\\\/\\\/clay212.com\\\/creations\\\/barbaricos\\\/vase-barbaricos-prickle-i-b-brun-vert\\\/\",\"url\":\"https:\\\/\\\/clay212.com\\\/creations\\\/barbaricos\\\/vase-barbaricos-prickle-i-b-brun-vert\\\/\",\"name\":\"Vase Barbaricos Prickle I B Brun Vert - Clay212\",\"isPartOf\":{\"@id\":\"https:\\\/\\\/clay212.com\\\/#website\"},\"primaryImageOfPage\":{\"@id\":\"https:\\\/\\\/clay212.com\\\/creations\\\/barbaricos\\\/vase-barbaricos-prickle-i-b-brun-vert\\\/#primaryimage\"},\"image\":{\"@id\":\"https:\\\/\\\/clay212.com\\\/creations\\\/barbaricos\\\/vase-barbaricos-prickle-i-b-brun-vert\\\/#primaryimage\"},\"thumbnailUrl\":\"https:\\\/\\\/clay212.com\\\/wp-content\\\/uploads\\\/2024\\\/01\\\/Vase-Barbaricos-Prickle-I-B-Brun-Vert_1.jpg\",\"datePublished\":\"2024-01-16T08:35:58+00:00\",\"dateModified\":\"2026-01-05T20:21:40+00:00\",\"breadcrumb\":{\"@id\":\"https:\\\/\\\/clay212.com\\\/creations\\\/barbaricos\\\/vase-barbaricos-prickle-i-b-brun-vert\\\/#breadcrumb\"},\"inLanguage\":\"en-US\",\"potentialAction\":[{\"@type\":\"ReadAction\",\"target\":[\"https:\\\/\\\/clay212.com\\\/creations\\\/barbaricos\\\/vase-barbaricos-prickle-i-b-brun-vert\\\/\"]}]},{\"@type\":\"ImageObject\",\"inLanguage\":\"en-US\",\"@id\":\"https:\\\/\\\/clay212.com\\\/creations\\\/barbaricos\\\/vase-barbaricos-prickle-i-b-brun-vert\\\/#primaryimage\",\"url\":\"https:\\\/\\\/clay212.com\\\/wp-content\\\/uploads\\\/2024\\\/01\\\/Vase-Barbaricos-Prickle-I-B-Brun-Vert_1.jpg\",\"contentUrl\":\"https:\\\/\\\/clay212.com\\\/wp-content\\\/uploads\\\/2024\\\/01\\\/Vase-Barbaricos-Prickle-I-B-Brun-Vert_1.jpg\",\"width\":700,\"height\":800},{\"@type\":\"BreadcrumbList\",\"@id\":\"https:\\\/\\\/clay212.com\\\/creations\\\/barbaricos\\\/vase-barbaricos-prickle-i-b-brun-vert\\\/#breadcrumb\",\"itemListElement\":[{\"@type\":\"ListItem\",\"position\":1,\"name\":\"Home\",\"item\":\"https:\\\/\\\/clay212.com\\\/\"},{\"@type\":\"ListItem\",\"position\":2,\"name\":\"Cr\u00e9ations\",\"item\":\"https:\\\/\\\/clay212.com\\\/creations\\\/\"},{\"@type\":\"ListItem\",\"position\":3,\"name\":\"Vase Barbaricos Prickle I B Brun Vert\"}]},{\"@type\":\"WebSite\",\"@id\":\"https:\\\/\\\/clay212.com\\\/#website\",\"url\":\"https:\\\/\\\/clay212.com\\\/\",\"name\":\"Clay212\",\"description\":\"Poterie authentique &amp; contemporaine\",\"potentialAction\":[{\"@type\":\"SearchAction\",\"target\":{\"@type\":\"EntryPoint\",\"urlTemplate\":\"https:\\\/\\\/clay212.com\\\/?s={search_term_string}\"},\"query-input\":{\"@type\":\"PropertyValueSpecification\",\"valueRequired\":true,\"valueName\":\"search_term_string\"}}],\"inLanguage\":\"en-US\"}]}<\/script>\n<!-- \/ Yoast SEO plugin. -->","yoast_head_json":{"title":"Vase Barbaricos Prickle I B Brun Vert - Clay212","robots":{"index":"index","follow":"follow","max-snippet":"max-snippet:-1","max-image-preview":"max-image-preview:large","max-video-preview":"max-video-preview:-1"},"canonical":"https:\/\/clay212.com\/en\/creations\/barbaricos\/vase-barbaricos-prickle-i-b-brun-vert\/","og_locale":"en_US","og_type":"article","og_title":"Vase Barbaricos Prickle I B Brun Vert - Clay212","og_description":"Vase en terre cuite inspir\u00e9 des cactus embl\u00e9matiques et des figues de barbarie, fusion parfaite entre le style tribal et l'\u00e9l\u00e9gance ethnique chic, c\u00e9l\u00e9brant la nature et la culture avec authenticit\u00e9 et originalit\u00e9.  H29 D15,5 \u00d814","og_url":"https:\/\/clay212.com\/en\/creations\/barbaricos\/vase-barbaricos-prickle-i-b-brun-vert\/","og_site_name":"Clay212","article_modified_time":"2026-01-05T20:21:40+00:00","og_image":[{"width":700,"height":800,"url":"https:\/\/clay212.com\/wp-content\/uploads\/2024\/01\/Vase-Barbaricos-Prickle-I-B-Brun-Vert_1.jpg","type":"image\/jpeg"}],"twitter_card":"summary_large_image","twitter_misc":{"Est. reading time":"1 minute"},"schema":{"@context":"https:\/\/schema.org","@graph":[{"@type":["WebPage","ItemPage"],"@id":"https:\/\/clay212.com\/creations\/barbaricos\/vase-barbaricos-prickle-i-b-brun-vert\/","url":"https:\/\/clay212.com\/creations\/barbaricos\/vase-barbaricos-prickle-i-b-brun-vert\/","name":"Vase Barbaricos Prickle I B Brun Vert - Clay212","isPartOf":{"@id":"https:\/\/clay212.com\/#website"},"primaryImageOfPage":{"@id":"https:\/\/clay212.com\/creations\/barbaricos\/vase-barbaricos-prickle-i-b-brun-vert\/#primaryimage"},"image":{"@id":"https:\/\/clay212.com\/creations\/barbaricos\/vase-barbaricos-prickle-i-b-brun-vert\/#primaryimage"},"thumbnailUrl":"https:\/\/clay212.com\/wp-content\/uploads\/2024\/01\/Vase-Barbaricos-Prickle-I-B-Brun-Vert_1.jpg","datePublished":"2024-01-16T08:35:58+00:00","dateModified":"2026-01-05T20:21:40+00:00","breadcrumb":{"@id":"https:\/\/clay212.com\/creations\/barbaricos\/vase-barbaricos-prickle-i-b-brun-vert\/#breadcrumb"},"inLanguage":"en-US","potentialAction":[{"@type":"ReadAction","target":["https:\/\/clay212.com\/creations\/barbaricos\/vase-barbaricos-prickle-i-b-brun-vert\/"]}]},{"@type":"ImageObject","inLanguage":"en-US","@id":"https:\/\/clay212.com\/creations\/barbaricos\/vase-barbaricos-prickle-i-b-brun-vert\/#primaryimage","url":"https:\/\/clay212.com\/wp-content\/uploads\/2024\/01\/Vase-Barbaricos-Prickle-I-B-Brun-Vert_1.jpg","contentUrl":"https:\/\/clay212.com\/wp-content\/uploads\/2024\/01\/Vase-Barbaricos-Prickle-I-B-Brun-Vert_1.jpg","width":700,"height":800},{"@type":"BreadcrumbList","@id":"https:\/\/clay212.com\/creations\/barbaricos\/vase-barbaricos-prickle-i-b-brun-vert\/#breadcrumb","itemListElement":[{"@type":"ListItem","position":1,"name":"Home","item":"https:\/\/clay212.com\/"},{"@type":"ListItem","position":2,"name":"Cr\u00e9ations","item":"https:\/\/clay212.com\/creations\/"},{"@type":"ListItem","position":3,"name":"Vase Barbaricos Prickle I B Brun Vert"}]},{"@type":"WebSite","@id":"https:\/\/clay212.com\/#website","url":"https:\/\/clay212.com\/","name":"Clay212","description":"Poterie authentique &amp; contemporaine","potentialAction":[{"@type":"SearchAction","target":{"@type":"EntryPoint","urlTemplate":"https:\/\/clay212.com\/?s={search_term_string}"},"query-input":{"@type":"PropertyValueSpecification","valueRequired":true,"valueName":"search_term_string"}}],"inLanguage":"en-US"}]}},"_links":{"self":[{"href":"https:\/\/clay212.com\/en\/wp-json\/wp\/v2\/product\/11082","targetHints":{"allow":["GET"]}}],"collection":[{"href":"https:\/\/clay212.com\/en\/wp-json\/wp\/v2\/product"}],"about":[{"href":"https:\/\/clay212.com\/en\/wp-json\/wp\/v2\/types\/product"}],"version-history":[{"count":2,"href":"https:\/\/clay212.com\/en\/wp-json\/wp\/v2\/product\/11082\/revisions"}],"predecessor-version":[{"id":11616,"href":"https:\/\/clay212.com\/en\/wp-json\/wp\/v2\/product\/11082\/revisions\/11616"}],"wp:featuredmedia":[{"embeddable":true,"href":"https:\/\/clay212.com\/en\/wp-json\/wp\/v2\/media\/11500"}],"wp:attachment":[{"href":"https:\/\/clay212.com\/en\/wp-json\/wp\/v2\/media?parent=11082"}],"wp:term":[{"taxonomy":"product_brand","embeddable":true,"href":"https:\/\/clay212.com\/en\/wp-json\/wp\/v2\/product_brand?post=11082"},{"taxonomy":"product_cat","embeddable":true,"href":"https:\/\/clay212.com\/en\/wp-json\/wp\/v2\/product_cat?post=11082"},{"taxonomy":"product_tag","embeddable":true,"href":"https:\/\/clay212.com\/en\/wp-json\/wp\/v2\/product_tag?post=11082"}],"curies":[{"name":"wp","href":"https:\/\/api.w.org\/{rel}","templated":true}]}}