{"id":11098,"date":"2024-01-16T09:36:01","date_gmt":"2024-01-16T08:36:01","guid":{"rendered":"https:\/\/clay212.com\/produit\/uncategorized\/vase-geom-circle-b-beige\/"},"modified":"2026-01-05T21:21:53","modified_gmt":"2026-01-05T20:21:53","slug":"vase-geom-circle-b-beige","status":"publish","type":"product","link":"https:\/\/clay212.com\/en\/creations\/geom\/vase-geom-circle-b-beige\/","title":{"rendered":"Vase Geom Circle B Beige"},"content":{"rendered":"","protected":false},"excerpt":{"rendered":"<p>Contemporary terracotta vase, inspired by traditional craftsmanship. Its modern and refined design brings a chic and refined atmosphere to the interior. Each vase is a unique piece, making it a true work of art to admire.<\/p>\n<p> H29,5 D19 \u00d810,5<\/p>","protected":false},"featured_media":11040,"template":"","meta":[],"product_brand":[],"product_cat":[77],"product_tag":[],"class_list":{"0":"post-11098","1":"product","2":"type-product","3":"status-publish","4":"has-post-thumbnail","6":"product_cat-geom","8":"first","9":"outofstock","10":"taxable","11":"shipping-taxable","12":"purchasable","13":"product-type-simple"},"yoast_head":"<!-- This site is optimized with the Yoast SEO plugin v27.4 - https:\/\/yoast.com\/product\/yoast-seo-wordpress\/ -->\n<title>Vase Geom Circle B Beige - Clay212<\/title>\n<meta name=\"robots\" content=\"index, follow, max-snippet:-1, max-image-preview:large, max-video-preview:-1\" \/>\n<link rel=\"canonical\" href=\"https:\/\/clay212.com\/en\/creations\/geom\/vase-geom-circle-b-beige\/\" \/>\n<meta property=\"og:locale\" content=\"en_US\" \/>\n<meta property=\"og:type\" content=\"article\" \/>\n<meta property=\"og:title\" content=\"Vase Geom Circle B Beige - Clay212\" \/>\n<meta property=\"og:description\" content=\"Vase en terre cuite contemporain, inspir\u00e9 du savoir-faire artisanal traditionnel. Son design moderne et \u00e9pur\u00e9 apporte une ambiance chic et raffin\u00e9e \u00e0 l&#039;int\u00e9rieur. Chaque vase est une pi\u00e8ce unique, faisant de lui un v\u00e9ritable objet d&#039;art \u00e0 admirer.  H29,5 D19 \u00d810,5\" \/>\n<meta property=\"og:url\" content=\"https:\/\/clay212.com\/en\/creations\/geom\/vase-geom-circle-b-beige\/\" \/>\n<meta property=\"og:site_name\" content=\"Clay212\" \/>\n<meta property=\"article:modified_time\" content=\"2026-01-05T20:21:53+00:00\" \/>\n<meta property=\"og:image\" content=\"https:\/\/clay212.com\/wp-content\/uploads\/2024\/01\/Vase-Geom-Circle-B-Beige_1.jpg\" \/>\n\t<meta property=\"og:image:width\" content=\"700\" \/>\n\t<meta property=\"og:image:height\" content=\"800\" \/>\n\t<meta property=\"og:image:type\" content=\"image\/jpeg\" \/>\n<meta name=\"twitter:card\" content=\"summary_large_image\" \/>\n<script type=\"application\/ld+json\" class=\"yoast-schema-graph\">{\"@context\":\"https:\\\/\\\/schema.org\",\"@graph\":[{\"@type\":[\"WebPage\",\"ItemPage\"],\"@id\":\"https:\\\/\\\/clay212.com\\\/creations\\\/geom\\\/vase-geom-circle-b-beige\\\/\",\"url\":\"https:\\\/\\\/clay212.com\\\/creations\\\/geom\\\/vase-geom-circle-b-beige\\\/\",\"name\":\"Vase Geom Circle B Beige - Clay212\",\"isPartOf\":{\"@id\":\"https:\\\/\\\/clay212.com\\\/#website\"},\"primaryImageOfPage\":{\"@id\":\"https:\\\/\\\/clay212.com\\\/creations\\\/geom\\\/vase-geom-circle-b-beige\\\/#primaryimage\"},\"image\":{\"@id\":\"https:\\\/\\\/clay212.com\\\/creations\\\/geom\\\/vase-geom-circle-b-beige\\\/#primaryimage\"},\"thumbnailUrl\":\"https:\\\/\\\/clay212.com\\\/wp-content\\\/uploads\\\/2024\\\/01\\\/Vase-Geom-Circle-B-Beige_1.jpg\",\"datePublished\":\"2024-01-16T08:36:01+00:00\",\"dateModified\":\"2026-01-05T20:21:53+00:00\",\"breadcrumb\":{\"@id\":\"https:\\\/\\\/clay212.com\\\/creations\\\/geom\\\/vase-geom-circle-b-beige\\\/#breadcrumb\"},\"inLanguage\":\"en-US\",\"potentialAction\":[{\"@type\":\"ReadAction\",\"target\":[\"https:\\\/\\\/clay212.com\\\/creations\\\/geom\\\/vase-geom-circle-b-beige\\\/\"]}]},{\"@type\":\"ImageObject\",\"inLanguage\":\"en-US\",\"@id\":\"https:\\\/\\\/clay212.com\\\/creations\\\/geom\\\/vase-geom-circle-b-beige\\\/#primaryimage\",\"url\":\"https:\\\/\\\/clay212.com\\\/wp-content\\\/uploads\\\/2024\\\/01\\\/Vase-Geom-Circle-B-Beige_1.jpg\",\"contentUrl\":\"https:\\\/\\\/clay212.com\\\/wp-content\\\/uploads\\\/2024\\\/01\\\/Vase-Geom-Circle-B-Beige_1.jpg\",\"width\":700,\"height\":800},{\"@type\":\"BreadcrumbList\",\"@id\":\"https:\\\/\\\/clay212.com\\\/creations\\\/geom\\\/vase-geom-circle-b-beige\\\/#breadcrumb\",\"itemListElement\":[{\"@type\":\"ListItem\",\"position\":1,\"name\":\"Home\",\"item\":\"https:\\\/\\\/clay212.com\\\/\"},{\"@type\":\"ListItem\",\"position\":2,\"name\":\"Cr\u00e9ations\",\"item\":\"https:\\\/\\\/clay212.com\\\/creations\\\/\"},{\"@type\":\"ListItem\",\"position\":3,\"name\":\"Vase Geom Circle B Beige\"}]},{\"@type\":\"WebSite\",\"@id\":\"https:\\\/\\\/clay212.com\\\/#website\",\"url\":\"https:\\\/\\\/clay212.com\\\/\",\"name\":\"Clay212\",\"description\":\"Poterie authentique &amp; contemporaine\",\"potentialAction\":[{\"@type\":\"SearchAction\",\"target\":{\"@type\":\"EntryPoint\",\"urlTemplate\":\"https:\\\/\\\/clay212.com\\\/?s={search_term_string}\"},\"query-input\":{\"@type\":\"PropertyValueSpecification\",\"valueRequired\":true,\"valueName\":\"search_term_string\"}}],\"inLanguage\":\"en-US\"}]}<\/script>\n<!-- \/ Yoast SEO plugin. -->","yoast_head_json":{"title":"Vase Geom Circle B Beige - Clay212","robots":{"index":"index","follow":"follow","max-snippet":"max-snippet:-1","max-image-preview":"max-image-preview:large","max-video-preview":"max-video-preview:-1"},"canonical":"https:\/\/clay212.com\/en\/creations\/geom\/vase-geom-circle-b-beige\/","og_locale":"en_US","og_type":"article","og_title":"Vase Geom Circle B Beige - Clay212","og_description":"Vase en terre cuite contemporain, inspir\u00e9 du savoir-faire artisanal traditionnel. Son design moderne et \u00e9pur\u00e9 apporte une ambiance chic et raffin\u00e9e \u00e0 l'int\u00e9rieur. Chaque vase est une pi\u00e8ce unique, faisant de lui un v\u00e9ritable objet d'art \u00e0 admirer.  H29,5 D19 \u00d810,5","og_url":"https:\/\/clay212.com\/en\/creations\/geom\/vase-geom-circle-b-beige\/","og_site_name":"Clay212","article_modified_time":"2026-01-05T20:21:53+00:00","og_image":[{"width":700,"height":800,"url":"https:\/\/clay212.com\/wp-content\/uploads\/2024\/01\/Vase-Geom-Circle-B-Beige_1.jpg","type":"image\/jpeg"}],"twitter_card":"summary_large_image","schema":{"@context":"https:\/\/schema.org","@graph":[{"@type":["WebPage","ItemPage"],"@id":"https:\/\/clay212.com\/creations\/geom\/vase-geom-circle-b-beige\/","url":"https:\/\/clay212.com\/creations\/geom\/vase-geom-circle-b-beige\/","name":"Vase Geom Circle B Beige - Clay212","isPartOf":{"@id":"https:\/\/clay212.com\/#website"},"primaryImageOfPage":{"@id":"https:\/\/clay212.com\/creations\/geom\/vase-geom-circle-b-beige\/#primaryimage"},"image":{"@id":"https:\/\/clay212.com\/creations\/geom\/vase-geom-circle-b-beige\/#primaryimage"},"thumbnailUrl":"https:\/\/clay212.com\/wp-content\/uploads\/2024\/01\/Vase-Geom-Circle-B-Beige_1.jpg","datePublished":"2024-01-16T08:36:01+00:00","dateModified":"2026-01-05T20:21:53+00:00","breadcrumb":{"@id":"https:\/\/clay212.com\/creations\/geom\/vase-geom-circle-b-beige\/#breadcrumb"},"inLanguage":"en-US","potentialAction":[{"@type":"ReadAction","target":["https:\/\/clay212.com\/creations\/geom\/vase-geom-circle-b-beige\/"]}]},{"@type":"ImageObject","inLanguage":"en-US","@id":"https:\/\/clay212.com\/creations\/geom\/vase-geom-circle-b-beige\/#primaryimage","url":"https:\/\/clay212.com\/wp-content\/uploads\/2024\/01\/Vase-Geom-Circle-B-Beige_1.jpg","contentUrl":"https:\/\/clay212.com\/wp-content\/uploads\/2024\/01\/Vase-Geom-Circle-B-Beige_1.jpg","width":700,"height":800},{"@type":"BreadcrumbList","@id":"https:\/\/clay212.com\/creations\/geom\/vase-geom-circle-b-beige\/#breadcrumb","itemListElement":[{"@type":"ListItem","position":1,"name":"Home","item":"https:\/\/clay212.com\/"},{"@type":"ListItem","position":2,"name":"Cr\u00e9ations","item":"https:\/\/clay212.com\/creations\/"},{"@type":"ListItem","position":3,"name":"Vase Geom Circle B Beige"}]},{"@type":"WebSite","@id":"https:\/\/clay212.com\/#website","url":"https:\/\/clay212.com\/","name":"Clay212","description":"Poterie authentique &amp; contemporaine","potentialAction":[{"@type":"SearchAction","target":{"@type":"EntryPoint","urlTemplate":"https:\/\/clay212.com\/?s={search_term_string}"},"query-input":{"@type":"PropertyValueSpecification","valueRequired":true,"valueName":"search_term_string"}}],"inLanguage":"en-US"}]}},"_links":{"self":[{"href":"https:\/\/clay212.com\/en\/wp-json\/wp\/v2\/product\/11098","targetHints":{"allow":["GET"]}}],"collection":[{"href":"https:\/\/clay212.com\/en\/wp-json\/wp\/v2\/product"}],"about":[{"href":"https:\/\/clay212.com\/en\/wp-json\/wp\/v2\/types\/product"}],"version-history":[{"count":1,"href":"https:\/\/clay212.com\/en\/wp-json\/wp\/v2\/product\/11098\/revisions"}],"predecessor-version":[{"id":11141,"href":"https:\/\/clay212.com\/en\/wp-json\/wp\/v2\/product\/11098\/revisions\/11141"}],"wp:featuredmedia":[{"embeddable":true,"href":"https:\/\/clay212.com\/en\/wp-json\/wp\/v2\/media\/11040"}],"wp:attachment":[{"href":"https:\/\/clay212.com\/en\/wp-json\/wp\/v2\/media?parent=11098"}],"wp:term":[{"taxonomy":"product_brand","embeddable":true,"href":"https:\/\/clay212.com\/en\/wp-json\/wp\/v2\/product_brand?post=11098"},{"taxonomy":"product_cat","embeddable":true,"href":"https:\/\/clay212.com\/en\/wp-json\/wp\/v2\/product_cat?post=11098"},{"taxonomy":"product_tag","embeddable":true,"href":"https:\/\/clay212.com\/en\/wp-json\/wp\/v2\/product_tag?post=11098"}],"curies":[{"name":"wp","href":"https:\/\/api.w.org\/{rel}","templated":true}]}}