{"id":11380,"date":"2024-07-13T20:38:08","date_gmt":"2024-07-13T18:38:08","guid":{"rendered":"https:\/\/clay212.com\/creations\/uncategorized\/vase-brut-parallel-b-brun-vert\/"},"modified":"2026-05-04T12:40:37","modified_gmt":"2026-05-04T10:40:37","slug":"vase-brut-parallel-b-brun-vert","status":"publish","type":"product","link":"https:\/\/clay212.com\/en\/creations\/brut\/vase-brut-parallel-b-brun-vert\/","title":{"rendered":"Vase Brut Parallel B Brun Vert"},"content":{"rendered":"","protected":false},"excerpt":{"rendered":"<p>Handcrafted terracotta vase, celebrating the uniqueness of each creation crafted with passion. Each vase is a one-of-a-kind work, enhanced by its irregularities that testify to its natural beauty.<\/p>\n<p>H28,5 D19 \u00d812,5<\/p>","protected":false},"featured_media":11370,"template":"","meta":[],"product_brand":[],"product_cat":[75],"product_tag":[],"class_list":{"0":"post-11380","1":"product","2":"type-product","3":"status-publish","4":"has-post-thumbnail","6":"product_cat-brut","8":"first","9":"outofstock","10":"taxable","11":"shipping-taxable","12":"purchasable","13":"product-type-simple"},"yoast_head":"<!-- This site is optimized with the Yoast SEO plugin v27.5 - https:\/\/yoast.com\/product\/yoast-seo-wordpress\/ -->\n<title>Vase Brut Parallel B Brun Vert - Clay212<\/title>\n<meta name=\"description\" content=\"Vase en terre cuite artisanal, c\u00e9l\u00e9brant l&#039;unicit\u00e9 de chaque cr\u00e9ation fa\u00e7onn\u00e9e avec passion. Chaque vase est une \u0153uvre unique en son genre, sublim\u00e9e par ses irr\u00e9gularit\u00e9s qui t\u00e9moignent de sa beaut\u00e9 naturelle.\" \/>\n<meta name=\"robots\" content=\"index, follow, max-snippet:-1, max-image-preview:large, max-video-preview:-1\" \/>\n<link rel=\"canonical\" href=\"https:\/\/clay212.com\/en\/creations\/brut\/vase-brut-parallel-b-brun-vert\/\" \/>\n<meta property=\"og:locale\" content=\"en_US\" \/>\n<meta property=\"og:type\" content=\"article\" \/>\n<meta property=\"og:title\" content=\"Vase Brut Parallel B Brun Vert - Clay212\" \/>\n<meta property=\"og:description\" content=\"Vase en terre cuite artisanal, c\u00e9l\u00e9brant l&#039;unicit\u00e9 de chaque cr\u00e9ation fa\u00e7onn\u00e9e avec passion. Chaque vase est une \u0153uvre unique en son genre, sublim\u00e9e par ses irr\u00e9gularit\u00e9s qui t\u00e9moignent de sa beaut\u00e9 naturelle.\" \/>\n<meta property=\"og:url\" content=\"https:\/\/clay212.com\/en\/creations\/brut\/vase-brut-parallel-b-brun-vert\/\" \/>\n<meta property=\"og:site_name\" content=\"Clay212\" \/>\n<meta property=\"article:modified_time\" content=\"2026-05-04T10:40:37+00:00\" \/>\n<meta property=\"og:image\" content=\"https:\/\/clay212.com\/wp-content\/uploads\/2024\/07\/Vase-Brut-Parallel-B-Brun-Vert-1.jpg\" \/>\n\t<meta property=\"og:image:width\" content=\"700\" \/>\n\t<meta property=\"og:image:height\" content=\"800\" \/>\n\t<meta property=\"og:image:type\" content=\"image\/jpeg\" \/>\n<meta name=\"twitter:card\" content=\"summary_large_image\" \/>\n<meta name=\"twitter:label1\" content=\"Est. reading time\" \/>\n\t<meta name=\"twitter:data1\" content=\"1 minute\" \/>\n<script type=\"application\/ld+json\" class=\"yoast-schema-graph\">{\"@context\":\"https:\\\/\\\/schema.org\",\"@graph\":[{\"@type\":[\"WebPage\",\"ItemPage\"],\"@id\":\"https:\\\/\\\/clay212.com\\\/creations\\\/brut\\\/vase-brut-parallel-b-brun-vert\\\/\",\"url\":\"https:\\\/\\\/clay212.com\\\/creations\\\/brut\\\/vase-brut-parallel-b-brun-vert\\\/\",\"name\":\"Vase Brut Parallel B Brun Vert - Clay212\",\"isPartOf\":{\"@id\":\"https:\\\/\\\/clay212.com\\\/#website\"},\"primaryImageOfPage\":{\"@id\":\"https:\\\/\\\/clay212.com\\\/creations\\\/brut\\\/vase-brut-parallel-b-brun-vert\\\/#primaryimage\"},\"image\":{\"@id\":\"https:\\\/\\\/clay212.com\\\/creations\\\/brut\\\/vase-brut-parallel-b-brun-vert\\\/#primaryimage\"},\"thumbnailUrl\":\"https:\\\/\\\/clay212.com\\\/wp-content\\\/uploads\\\/2024\\\/07\\\/Vase-Brut-Parallel-B-Brun-Vert-1.jpg\",\"datePublished\":\"2024-07-13T18:38:08+00:00\",\"dateModified\":\"2026-05-04T10:40:37+00:00\",\"description\":\"Vase en terre cuite artisanal, c\u00e9l\u00e9brant l'unicit\u00e9 de chaque cr\u00e9ation fa\u00e7onn\u00e9e avec passion. Chaque vase est une \u0153uvre unique en son genre, sublim\u00e9e par ses irr\u00e9gularit\u00e9s qui t\u00e9moignent de sa beaut\u00e9 naturelle.\",\"breadcrumb\":{\"@id\":\"https:\\\/\\\/clay212.com\\\/creations\\\/brut\\\/vase-brut-parallel-b-brun-vert\\\/#breadcrumb\"},\"inLanguage\":\"en-US\",\"potentialAction\":[{\"@type\":\"ReadAction\",\"target\":[\"https:\\\/\\\/clay212.com\\\/creations\\\/brut\\\/vase-brut-parallel-b-brun-vert\\\/\"]}]},{\"@type\":\"ImageObject\",\"inLanguage\":\"en-US\",\"@id\":\"https:\\\/\\\/clay212.com\\\/creations\\\/brut\\\/vase-brut-parallel-b-brun-vert\\\/#primaryimage\",\"url\":\"https:\\\/\\\/clay212.com\\\/wp-content\\\/uploads\\\/2024\\\/07\\\/Vase-Brut-Parallel-B-Brun-Vert-1.jpg\",\"contentUrl\":\"https:\\\/\\\/clay212.com\\\/wp-content\\\/uploads\\\/2024\\\/07\\\/Vase-Brut-Parallel-B-Brun-Vert-1.jpg\",\"width\":700,\"height\":800},{\"@type\":\"BreadcrumbList\",\"@id\":\"https:\\\/\\\/clay212.com\\\/creations\\\/brut\\\/vase-brut-parallel-b-brun-vert\\\/#breadcrumb\",\"itemListElement\":[{\"@type\":\"ListItem\",\"position\":1,\"name\":\"Home\",\"item\":\"https:\\\/\\\/clay212.com\\\/\"},{\"@type\":\"ListItem\",\"position\":2,\"name\":\"Cr\u00e9ations\",\"item\":\"https:\\\/\\\/clay212.com\\\/creations\\\/\"},{\"@type\":\"ListItem\",\"position\":3,\"name\":\"Vase Brut Parallel B Brun Vert\"}]},{\"@type\":\"WebSite\",\"@id\":\"https:\\\/\\\/clay212.com\\\/#website\",\"url\":\"https:\\\/\\\/clay212.com\\\/\",\"name\":\"Clay212\",\"description\":\"Poterie authentique &amp; contemporaine\",\"potentialAction\":[{\"@type\":\"SearchAction\",\"target\":{\"@type\":\"EntryPoint\",\"urlTemplate\":\"https:\\\/\\\/clay212.com\\\/?s={search_term_string}\"},\"query-input\":{\"@type\":\"PropertyValueSpecification\",\"valueRequired\":true,\"valueName\":\"search_term_string\"}}],\"inLanguage\":\"en-US\"}]}<\/script>\n<!-- \/ Yoast SEO plugin. -->","yoast_head_json":{"title":"Vase Brut Parallel B Brun Vert - Clay212","description":"Vase en terre cuite artisanal, c\u00e9l\u00e9brant l'unicit\u00e9 de chaque cr\u00e9ation fa\u00e7onn\u00e9e avec passion. Chaque vase est une \u0153uvre unique en son genre, sublim\u00e9e par ses irr\u00e9gularit\u00e9s qui t\u00e9moignent de sa beaut\u00e9 naturelle.","robots":{"index":"index","follow":"follow","max-snippet":"max-snippet:-1","max-image-preview":"max-image-preview:large","max-video-preview":"max-video-preview:-1"},"canonical":"https:\/\/clay212.com\/en\/creations\/brut\/vase-brut-parallel-b-brun-vert\/","og_locale":"en_US","og_type":"article","og_title":"Vase Brut Parallel B Brun Vert - Clay212","og_description":"Vase en terre cuite artisanal, c\u00e9l\u00e9brant l'unicit\u00e9 de chaque cr\u00e9ation fa\u00e7onn\u00e9e avec passion. Chaque vase est une \u0153uvre unique en son genre, sublim\u00e9e par ses irr\u00e9gularit\u00e9s qui t\u00e9moignent de sa beaut\u00e9 naturelle.","og_url":"https:\/\/clay212.com\/en\/creations\/brut\/vase-brut-parallel-b-brun-vert\/","og_site_name":"Clay212","article_modified_time":"2026-05-04T10:40:37+00:00","og_image":[{"width":700,"height":800,"url":"https:\/\/clay212.com\/wp-content\/uploads\/2024\/07\/Vase-Brut-Parallel-B-Brun-Vert-1.jpg","type":"image\/jpeg"}],"twitter_card":"summary_large_image","twitter_misc":{"Est. reading time":"1 minute"},"schema":{"@context":"https:\/\/schema.org","@graph":[{"@type":["WebPage","ItemPage"],"@id":"https:\/\/clay212.com\/creations\/brut\/vase-brut-parallel-b-brun-vert\/","url":"https:\/\/clay212.com\/creations\/brut\/vase-brut-parallel-b-brun-vert\/","name":"Vase Brut Parallel B Brun Vert - Clay212","isPartOf":{"@id":"https:\/\/clay212.com\/#website"},"primaryImageOfPage":{"@id":"https:\/\/clay212.com\/creations\/brut\/vase-brut-parallel-b-brun-vert\/#primaryimage"},"image":{"@id":"https:\/\/clay212.com\/creations\/brut\/vase-brut-parallel-b-brun-vert\/#primaryimage"},"thumbnailUrl":"https:\/\/clay212.com\/wp-content\/uploads\/2024\/07\/Vase-Brut-Parallel-B-Brun-Vert-1.jpg","datePublished":"2024-07-13T18:38:08+00:00","dateModified":"2026-05-04T10:40:37+00:00","description":"Vase en terre cuite artisanal, c\u00e9l\u00e9brant l'unicit\u00e9 de chaque cr\u00e9ation fa\u00e7onn\u00e9e avec passion. Chaque vase est une \u0153uvre unique en son genre, sublim\u00e9e par ses irr\u00e9gularit\u00e9s qui t\u00e9moignent de sa beaut\u00e9 naturelle.","breadcrumb":{"@id":"https:\/\/clay212.com\/creations\/brut\/vase-brut-parallel-b-brun-vert\/#breadcrumb"},"inLanguage":"en-US","potentialAction":[{"@type":"ReadAction","target":["https:\/\/clay212.com\/creations\/brut\/vase-brut-parallel-b-brun-vert\/"]}]},{"@type":"ImageObject","inLanguage":"en-US","@id":"https:\/\/clay212.com\/creations\/brut\/vase-brut-parallel-b-brun-vert\/#primaryimage","url":"https:\/\/clay212.com\/wp-content\/uploads\/2024\/07\/Vase-Brut-Parallel-B-Brun-Vert-1.jpg","contentUrl":"https:\/\/clay212.com\/wp-content\/uploads\/2024\/07\/Vase-Brut-Parallel-B-Brun-Vert-1.jpg","width":700,"height":800},{"@type":"BreadcrumbList","@id":"https:\/\/clay212.com\/creations\/brut\/vase-brut-parallel-b-brun-vert\/#breadcrumb","itemListElement":[{"@type":"ListItem","position":1,"name":"Home","item":"https:\/\/clay212.com\/"},{"@type":"ListItem","position":2,"name":"Cr\u00e9ations","item":"https:\/\/clay212.com\/creations\/"},{"@type":"ListItem","position":3,"name":"Vase Brut Parallel B Brun Vert"}]},{"@type":"WebSite","@id":"https:\/\/clay212.com\/#website","url":"https:\/\/clay212.com\/","name":"Clay212","description":"Poterie authentique &amp; contemporaine","potentialAction":[{"@type":"SearchAction","target":{"@type":"EntryPoint","urlTemplate":"https:\/\/clay212.com\/?s={search_term_string}"},"query-input":{"@type":"PropertyValueSpecification","valueRequired":true,"valueName":"search_term_string"}}],"inLanguage":"en-US"}]}},"_links":{"self":[{"href":"https:\/\/clay212.com\/en\/wp-json\/wp\/v2\/product\/11380","targetHints":{"allow":["GET"]}}],"collection":[{"href":"https:\/\/clay212.com\/en\/wp-json\/wp\/v2\/product"}],"about":[{"href":"https:\/\/clay212.com\/en\/wp-json\/wp\/v2\/types\/product"}],"version-history":[{"count":1,"href":"https:\/\/clay212.com\/en\/wp-json\/wp\/v2\/product\/11380\/revisions"}],"predecessor-version":[{"id":11450,"href":"https:\/\/clay212.com\/en\/wp-json\/wp\/v2\/product\/11380\/revisions\/11450"}],"wp:featuredmedia":[{"embeddable":true,"href":"https:\/\/clay212.com\/en\/wp-json\/wp\/v2\/media\/11370"}],"wp:attachment":[{"href":"https:\/\/clay212.com\/en\/wp-json\/wp\/v2\/media?parent=11380"}],"wp:term":[{"taxonomy":"product_brand","embeddable":true,"href":"https:\/\/clay212.com\/en\/wp-json\/wp\/v2\/product_brand?post=11380"},{"taxonomy":"product_cat","embeddable":true,"href":"https:\/\/clay212.com\/en\/wp-json\/wp\/v2\/product_cat?post=11380"},{"taxonomy":"product_tag","embeddable":true,"href":"https:\/\/clay212.com\/en\/wp-json\/wp\/v2\/product_tag?post=11380"}],"curies":[{"name":"wp","href":"https:\/\/api.w.org\/{rel}","templated":true}]}}