{"id":9484,"date":"2023-08-16T01:22:04","date_gmt":"2023-08-15T23:22:04","guid":{"rendered":"https:\/\/clay212.com\/produit\/uncategorized\/vase-geom-ears-b-noir\/"},"modified":"2026-01-05T21:21:53","modified_gmt":"2026-01-05T20:21:53","slug":"vase-geom-ears-b-noir","status":"publish","type":"product","link":"https:\/\/clay212.com\/en\/creations\/geom\/vase-geom-ears-b-noir\/","title":{"rendered":"Vase Geom Ears B Noir"},"content":{"rendered":"","protected":false},"excerpt":{"rendered":"<p>Handmade terracotta vase, revisits traditional objects with contemporary artistic forms.<\/p>\n<p>H30,5 D22 \u00d811<\/p>","protected":false},"featured_media":9467,"template":"","meta":[],"product_brand":[],"product_cat":[77],"product_tag":[],"class_list":{"0":"post-9484","1":"product","2":"type-product","3":"status-publish","4":"has-post-thumbnail","6":"product_cat-geom","8":"first","9":"instock","10":"taxable","11":"shipping-taxable","12":"purchasable","13":"product-type-simple"},"yoast_head":"<!-- This site is optimized with the Yoast SEO plugin v27.4 - https:\/\/yoast.com\/product\/yoast-seo-wordpress\/ -->\n<title>Vase Geom Ears B Noir - Clay212<\/title>\n<meta name=\"description\" content=\"Vase en terre cuite, fait main dans un style minimaliste contemporain, r\u00e9interpr\u00e9tant des mod\u00e8les classiques avec une touche artisanale. Lignes fluides et formes g\u00e9om\u00e9triques se m\u00ealent harmonieusement.\" \/>\n<meta name=\"robots\" content=\"index, follow, max-snippet:-1, max-image-preview:large, max-video-preview:-1\" \/>\n<link rel=\"canonical\" href=\"https:\/\/clay212.com\/en\/creations\/geom\/vase-geom-ears-b-noir\/\" \/>\n<meta property=\"og:locale\" content=\"en_US\" \/>\n<meta property=\"og:type\" content=\"article\" \/>\n<meta property=\"og:title\" content=\"Vase Geom Ears B Noir - Clay212\" \/>\n<meta property=\"og:description\" content=\"Vase en terre cuite, fait main dans un style minimaliste contemporain, r\u00e9interpr\u00e9tant des mod\u00e8les classiques avec une touche artisanale. Lignes fluides et formes g\u00e9om\u00e9triques se m\u00ealent harmonieusement.\" \/>\n<meta property=\"og:url\" content=\"https:\/\/clay212.com\/en\/creations\/geom\/vase-geom-ears-b-noir\/\" \/>\n<meta property=\"og:site_name\" content=\"Clay212\" \/>\n<meta property=\"article:modified_time\" content=\"2026-01-05T20:21:53+00:00\" \/>\n<meta property=\"og:image\" content=\"https:\/\/clay212.com\/wp-content\/uploads\/2023\/08\/Vase-Geom-Ears-B-Noir-1.jpg\" \/>\n\t<meta property=\"og:image:width\" content=\"700\" \/>\n\t<meta property=\"og:image:height\" content=\"800\" \/>\n\t<meta property=\"og:image:type\" content=\"image\/jpeg\" \/>\n<meta name=\"twitter:card\" content=\"summary_large_image\" \/>\n<meta name=\"twitter:label1\" content=\"Est. reading time\" \/>\n\t<meta name=\"twitter:data1\" content=\"1 minute\" \/>\n<script type=\"application\/ld+json\" class=\"yoast-schema-graph\">{\"@context\":\"https:\\\/\\\/schema.org\",\"@graph\":[{\"@type\":[\"WebPage\",\"ItemPage\"],\"@id\":\"https:\\\/\\\/clay212.com\\\/creations\\\/geom\\\/vase-geom-ears-b-noir\\\/\",\"url\":\"https:\\\/\\\/clay212.com\\\/creations\\\/geom\\\/vase-geom-ears-b-noir\\\/\",\"name\":\"Vase Geom Ears B Noir - Clay212\",\"isPartOf\":{\"@id\":\"https:\\\/\\\/clay212.com\\\/#website\"},\"primaryImageOfPage\":{\"@id\":\"https:\\\/\\\/clay212.com\\\/creations\\\/geom\\\/vase-geom-ears-b-noir\\\/#primaryimage\"},\"image\":{\"@id\":\"https:\\\/\\\/clay212.com\\\/creations\\\/geom\\\/vase-geom-ears-b-noir\\\/#primaryimage\"},\"thumbnailUrl\":\"https:\\\/\\\/clay212.com\\\/wp-content\\\/uploads\\\/2023\\\/08\\\/Vase-Geom-Ears-B-Noir-1.jpg\",\"datePublished\":\"2023-08-15T23:22:04+00:00\",\"dateModified\":\"2026-01-05T20:21:53+00:00\",\"description\":\"Vase en terre cuite, fait main dans un style minimaliste contemporain, r\u00e9interpr\u00e9tant des mod\u00e8les classiques avec une touche artisanale. Lignes fluides et formes g\u00e9om\u00e9triques se m\u00ealent harmonieusement.\",\"breadcrumb\":{\"@id\":\"https:\\\/\\\/clay212.com\\\/creations\\\/geom\\\/vase-geom-ears-b-noir\\\/#breadcrumb\"},\"inLanguage\":\"en-US\",\"potentialAction\":[{\"@type\":\"ReadAction\",\"target\":[\"https:\\\/\\\/clay212.com\\\/creations\\\/geom\\\/vase-geom-ears-b-noir\\\/\"]}]},{\"@type\":\"ImageObject\",\"inLanguage\":\"en-US\",\"@id\":\"https:\\\/\\\/clay212.com\\\/creations\\\/geom\\\/vase-geom-ears-b-noir\\\/#primaryimage\",\"url\":\"https:\\\/\\\/clay212.com\\\/wp-content\\\/uploads\\\/2023\\\/08\\\/Vase-Geom-Ears-B-Noir-1.jpg\",\"contentUrl\":\"https:\\\/\\\/clay212.com\\\/wp-content\\\/uploads\\\/2023\\\/08\\\/Vase-Geom-Ears-B-Noir-1.jpg\",\"width\":700,\"height\":800},{\"@type\":\"BreadcrumbList\",\"@id\":\"https:\\\/\\\/clay212.com\\\/creations\\\/geom\\\/vase-geom-ears-b-noir\\\/#breadcrumb\",\"itemListElement\":[{\"@type\":\"ListItem\",\"position\":1,\"name\":\"Home\",\"item\":\"https:\\\/\\\/clay212.com\\\/\"},{\"@type\":\"ListItem\",\"position\":2,\"name\":\"Cr\u00e9ations\",\"item\":\"https:\\\/\\\/clay212.com\\\/creations\\\/\"},{\"@type\":\"ListItem\",\"position\":3,\"name\":\"Vase Geom Ears B Noir\"}]},{\"@type\":\"WebSite\",\"@id\":\"https:\\\/\\\/clay212.com\\\/#website\",\"url\":\"https:\\\/\\\/clay212.com\\\/\",\"name\":\"Clay212\",\"description\":\"Poterie authentique &amp; contemporaine\",\"potentialAction\":[{\"@type\":\"SearchAction\",\"target\":{\"@type\":\"EntryPoint\",\"urlTemplate\":\"https:\\\/\\\/clay212.com\\\/?s={search_term_string}\"},\"query-input\":{\"@type\":\"PropertyValueSpecification\",\"valueRequired\":true,\"valueName\":\"search_term_string\"}}],\"inLanguage\":\"en-US\"}]}<\/script>\n<!-- \/ Yoast SEO plugin. -->","yoast_head_json":{"title":"Vase Geom Ears B Noir - Clay212","description":"Handmade terracotta vase, revisits traditional objects with contemporary artistic forms.","robots":{"index":"index","follow":"follow","max-snippet":"max-snippet:-1","max-image-preview":"max-image-preview:large","max-video-preview":"max-video-preview:-1"},"canonical":"https:\/\/clay212.com\/en\/creations\/geom\/vase-geom-ears-b-noir\/","og_locale":"en_US","og_type":"article","og_title":"Vase Geom Ears B Noir - Clay212","og_description":"Vase en terre cuite, fait main dans un style minimaliste contemporain, r\u00e9interpr\u00e9tant des mod\u00e8les classiques avec une touche artisanale. Lignes fluides et formes g\u00e9om\u00e9triques se m\u00ealent harmonieusement.","og_url":"https:\/\/clay212.com\/en\/creations\/geom\/vase-geom-ears-b-noir\/","og_site_name":"Clay212","article_modified_time":"2026-01-05T20:21:53+00:00","og_image":[{"width":700,"height":800,"url":"https:\/\/clay212.com\/wp-content\/uploads\/2023\/08\/Vase-Geom-Ears-B-Noir-1.jpg","type":"image\/jpeg"}],"twitter_card":"summary_large_image","twitter_misc":{"Est. reading time":"1 minute"},"schema":{"@context":"https:\/\/schema.org","@graph":[{"@type":["WebPage","ItemPage"],"@id":"https:\/\/clay212.com\/creations\/geom\/vase-geom-ears-b-noir\/","url":"https:\/\/clay212.com\/creations\/geom\/vase-geom-ears-b-noir\/","name":"Vase Geom Ears B Noir - Clay212","isPartOf":{"@id":"https:\/\/clay212.com\/#website"},"primaryImageOfPage":{"@id":"https:\/\/clay212.com\/creations\/geom\/vase-geom-ears-b-noir\/#primaryimage"},"image":{"@id":"https:\/\/clay212.com\/creations\/geom\/vase-geom-ears-b-noir\/#primaryimage"},"thumbnailUrl":"https:\/\/clay212.com\/wp-content\/uploads\/2023\/08\/Vase-Geom-Ears-B-Noir-1.jpg","datePublished":"2023-08-15T23:22:04+00:00","dateModified":"2026-01-05T20:21:53+00:00","description":"Handmade terracotta vase, revisits traditional objects with contemporary artistic forms.","breadcrumb":{"@id":"https:\/\/clay212.com\/creations\/geom\/vase-geom-ears-b-noir\/#breadcrumb"},"inLanguage":"en-US","potentialAction":[{"@type":"ReadAction","target":["https:\/\/clay212.com\/creations\/geom\/vase-geom-ears-b-noir\/"]}]},{"@type":"ImageObject","inLanguage":"en-US","@id":"https:\/\/clay212.com\/creations\/geom\/vase-geom-ears-b-noir\/#primaryimage","url":"https:\/\/clay212.com\/wp-content\/uploads\/2023\/08\/Vase-Geom-Ears-B-Noir-1.jpg","contentUrl":"https:\/\/clay212.com\/wp-content\/uploads\/2023\/08\/Vase-Geom-Ears-B-Noir-1.jpg","width":700,"height":800},{"@type":"BreadcrumbList","@id":"https:\/\/clay212.com\/creations\/geom\/vase-geom-ears-b-noir\/#breadcrumb","itemListElement":[{"@type":"ListItem","position":1,"name":"Home","item":"https:\/\/clay212.com\/"},{"@type":"ListItem","position":2,"name":"Cr\u00e9ations","item":"https:\/\/clay212.com\/creations\/"},{"@type":"ListItem","position":3,"name":"Vase Geom Ears B Noir"}]},{"@type":"WebSite","@id":"https:\/\/clay212.com\/#website","url":"https:\/\/clay212.com\/","name":"Clay212","description":"Poterie authentique &amp; contemporaine","potentialAction":[{"@type":"SearchAction","target":{"@type":"EntryPoint","urlTemplate":"https:\/\/clay212.com\/?s={search_term_string}"},"query-input":{"@type":"PropertyValueSpecification","valueRequired":true,"valueName":"search_term_string"}}],"inLanguage":"en-US"}]}},"_links":{"self":[{"href":"https:\/\/clay212.com\/en\/wp-json\/wp\/v2\/product\/9484","targetHints":{"allow":["GET"]}}],"collection":[{"href":"https:\/\/clay212.com\/en\/wp-json\/wp\/v2\/product"}],"about":[{"href":"https:\/\/clay212.com\/en\/wp-json\/wp\/v2\/types\/product"}],"version-history":[{"count":3,"href":"https:\/\/clay212.com\/en\/wp-json\/wp\/v2\/product\/9484\/revisions"}],"predecessor-version":[{"id":11427,"href":"https:\/\/clay212.com\/en\/wp-json\/wp\/v2\/product\/9484\/revisions\/11427"}],"wp:featuredmedia":[{"embeddable":true,"href":"https:\/\/clay212.com\/en\/wp-json\/wp\/v2\/media\/9467"}],"wp:attachment":[{"href":"https:\/\/clay212.com\/en\/wp-json\/wp\/v2\/media?parent=9484"}],"wp:term":[{"taxonomy":"product_brand","embeddable":true,"href":"https:\/\/clay212.com\/en\/wp-json\/wp\/v2\/product_brand?post=9484"},{"taxonomy":"product_cat","embeddable":true,"href":"https:\/\/clay212.com\/en\/wp-json\/wp\/v2\/product_cat?post=9484"},{"taxonomy":"product_tag","embeddable":true,"href":"https:\/\/clay212.com\/en\/wp-json\/wp\/v2\/product_tag?post=9484"}],"curies":[{"name":"wp","href":"https:\/\/api.w.org\/{rel}","templated":true}]}}