{"id":9862,"date":"2023-08-27T13:09:08","date_gmt":"2023-08-27T11:09:08","guid":{"rendered":"https:\/\/clay212.com\/produit\/uncategorized\/vase-pure-bubble-i-c-terracotta\/"},"modified":"2026-01-05T21:21:57","modified_gmt":"2026-01-05T20:21:57","slug":"vase-pure-bubble-i-c-terracotta","status":"publish","type":"product","link":"https:\/\/clay212.com\/en\/creations\/pure\/vase-pure-bubble-i-c-terracotta\/","title":{"rendered":"Vase Pure Bubble I C Terracotta"},"content":{"rendered":"","protected":false},"excerpt":{"rendered":"<p>Handmade terracotta vase. Perfect marriage between traditional craftsmanship and modern design. Clean lines and delicate texture for a harmony of simplicity.<\/p>\n<p>H23 D13,5 \u00d810<\/p>","protected":false},"featured_media":9822,"template":"","meta":[],"product_brand":[],"product_cat":[79],"product_tag":[],"class_list":{"0":"post-9862","1":"product","2":"type-product","3":"status-publish","4":"has-post-thumbnail","6":"product_cat-pure","8":"first","9":"outofstock","10":"taxable","11":"shipping-taxable","12":"purchasable","13":"product-type-simple"},"yoast_head":"<!-- This site is optimized with the Yoast SEO plugin v27.4 - https:\/\/yoast.com\/product\/yoast-seo-wordpress\/ -->\n<title>Vase Pure Bubble I C Terracotta - Clay212<\/title>\n<meta name=\"robots\" content=\"index, follow, max-snippet:-1, max-image-preview:large, max-video-preview:-1\" \/>\n<link rel=\"canonical\" href=\"https:\/\/clay212.com\/en\/creations\/pure\/vase-pure-bubble-i-c-terracotta\/\" \/>\n<meta property=\"og:locale\" content=\"en_US\" \/>\n<meta property=\"og:type\" content=\"article\" \/>\n<meta property=\"og:title\" content=\"Vase Pure Bubble I C Terracotta - Clay212\" \/>\n<meta property=\"og:description\" content=\"Vase en terre cuite fait main. Mariage parfait entre l&#039;artisanat traditionnel et un design moderne. Lignes \u00e9pur\u00e9es et texture d\u00e9licate pour une harmonie de la simplicit\u00e9.  H23 D13,5 \u00d810\" \/>\n<meta property=\"og:url\" content=\"https:\/\/clay212.com\/en\/creations\/pure\/vase-pure-bubble-i-c-terracotta\/\" \/>\n<meta property=\"og:site_name\" content=\"Clay212\" \/>\n<meta property=\"article:modified_time\" content=\"2026-01-05T20:21:57+00:00\" \/>\n<meta property=\"og:image\" content=\"https:\/\/clay212.com\/wp-content\/uploads\/2023\/08\/Vase-Pure-Bubble-I-C-Terracotta-1.jpg\" \/>\n\t<meta property=\"og:image:width\" content=\"700\" \/>\n\t<meta property=\"og:image:height\" content=\"800\" \/>\n\t<meta property=\"og:image:type\" content=\"image\/jpeg\" \/>\n<meta name=\"twitter:card\" content=\"summary_large_image\" \/>\n<script type=\"application\/ld+json\" class=\"yoast-schema-graph\">{\"@context\":\"https:\\\/\\\/schema.org\",\"@graph\":[{\"@type\":[\"WebPage\",\"ItemPage\"],\"@id\":\"https:\\\/\\\/clay212.com\\\/creations\\\/pure\\\/vase-pure-bubble-i-c-terracotta\\\/\",\"url\":\"https:\\\/\\\/clay212.com\\\/creations\\\/pure\\\/vase-pure-bubble-i-c-terracotta\\\/\",\"name\":\"Vase Pure Bubble I C Terracotta - Clay212\",\"isPartOf\":{\"@id\":\"https:\\\/\\\/clay212.com\\\/#website\"},\"primaryImageOfPage\":{\"@id\":\"https:\\\/\\\/clay212.com\\\/creations\\\/pure\\\/vase-pure-bubble-i-c-terracotta\\\/#primaryimage\"},\"image\":{\"@id\":\"https:\\\/\\\/clay212.com\\\/creations\\\/pure\\\/vase-pure-bubble-i-c-terracotta\\\/#primaryimage\"},\"thumbnailUrl\":\"https:\\\/\\\/clay212.com\\\/wp-content\\\/uploads\\\/2023\\\/08\\\/Vase-Pure-Bubble-I-C-Terracotta-1.jpg\",\"datePublished\":\"2023-08-27T11:09:08+00:00\",\"dateModified\":\"2026-01-05T20:21:57+00:00\",\"breadcrumb\":{\"@id\":\"https:\\\/\\\/clay212.com\\\/creations\\\/pure\\\/vase-pure-bubble-i-c-terracotta\\\/#breadcrumb\"},\"inLanguage\":\"en-US\",\"potentialAction\":[{\"@type\":\"ReadAction\",\"target\":[\"https:\\\/\\\/clay212.com\\\/creations\\\/pure\\\/vase-pure-bubble-i-c-terracotta\\\/\"]}]},{\"@type\":\"ImageObject\",\"inLanguage\":\"en-US\",\"@id\":\"https:\\\/\\\/clay212.com\\\/creations\\\/pure\\\/vase-pure-bubble-i-c-terracotta\\\/#primaryimage\",\"url\":\"https:\\\/\\\/clay212.com\\\/wp-content\\\/uploads\\\/2023\\\/08\\\/Vase-Pure-Bubble-I-C-Terracotta-1.jpg\",\"contentUrl\":\"https:\\\/\\\/clay212.com\\\/wp-content\\\/uploads\\\/2023\\\/08\\\/Vase-Pure-Bubble-I-C-Terracotta-1.jpg\",\"width\":700,\"height\":800},{\"@type\":\"BreadcrumbList\",\"@id\":\"https:\\\/\\\/clay212.com\\\/creations\\\/pure\\\/vase-pure-bubble-i-c-terracotta\\\/#breadcrumb\",\"itemListElement\":[{\"@type\":\"ListItem\",\"position\":1,\"name\":\"Home\",\"item\":\"https:\\\/\\\/clay212.com\\\/\"},{\"@type\":\"ListItem\",\"position\":2,\"name\":\"Cr\u00e9ations\",\"item\":\"https:\\\/\\\/clay212.com\\\/creations\\\/\"},{\"@type\":\"ListItem\",\"position\":3,\"name\":\"Vase Pure Bubble I C Terracotta\"}]},{\"@type\":\"WebSite\",\"@id\":\"https:\\\/\\\/clay212.com\\\/#website\",\"url\":\"https:\\\/\\\/clay212.com\\\/\",\"name\":\"Clay212\",\"description\":\"Poterie authentique &amp; contemporaine\",\"potentialAction\":[{\"@type\":\"SearchAction\",\"target\":{\"@type\":\"EntryPoint\",\"urlTemplate\":\"https:\\\/\\\/clay212.com\\\/?s={search_term_string}\"},\"query-input\":{\"@type\":\"PropertyValueSpecification\",\"valueRequired\":true,\"valueName\":\"search_term_string\"}}],\"inLanguage\":\"en-US\"}]}<\/script>\n<!-- \/ Yoast SEO plugin. -->","yoast_head_json":{"title":"Vase Pure Bubble I C Terracotta - Clay212","robots":{"index":"index","follow":"follow","max-snippet":"max-snippet:-1","max-image-preview":"max-image-preview:large","max-video-preview":"max-video-preview:-1"},"canonical":"https:\/\/clay212.com\/en\/creations\/pure\/vase-pure-bubble-i-c-terracotta\/","og_locale":"en_US","og_type":"article","og_title":"Vase Pure Bubble I C Terracotta - Clay212","og_description":"Vase en terre cuite fait main. Mariage parfait entre l'artisanat traditionnel et un design moderne. Lignes \u00e9pur\u00e9es et texture d\u00e9licate pour une harmonie de la simplicit\u00e9.  H23 D13,5 \u00d810","og_url":"https:\/\/clay212.com\/en\/creations\/pure\/vase-pure-bubble-i-c-terracotta\/","og_site_name":"Clay212","article_modified_time":"2026-01-05T20:21:57+00:00","og_image":[{"width":700,"height":800,"url":"https:\/\/clay212.com\/wp-content\/uploads\/2023\/08\/Vase-Pure-Bubble-I-C-Terracotta-1.jpg","type":"image\/jpeg"}],"twitter_card":"summary_large_image","schema":{"@context":"https:\/\/schema.org","@graph":[{"@type":["WebPage","ItemPage"],"@id":"https:\/\/clay212.com\/creations\/pure\/vase-pure-bubble-i-c-terracotta\/","url":"https:\/\/clay212.com\/creations\/pure\/vase-pure-bubble-i-c-terracotta\/","name":"Vase Pure Bubble I C Terracotta - Clay212","isPartOf":{"@id":"https:\/\/clay212.com\/#website"},"primaryImageOfPage":{"@id":"https:\/\/clay212.com\/creations\/pure\/vase-pure-bubble-i-c-terracotta\/#primaryimage"},"image":{"@id":"https:\/\/clay212.com\/creations\/pure\/vase-pure-bubble-i-c-terracotta\/#primaryimage"},"thumbnailUrl":"https:\/\/clay212.com\/wp-content\/uploads\/2023\/08\/Vase-Pure-Bubble-I-C-Terracotta-1.jpg","datePublished":"2023-08-27T11:09:08+00:00","dateModified":"2026-01-05T20:21:57+00:00","breadcrumb":{"@id":"https:\/\/clay212.com\/creations\/pure\/vase-pure-bubble-i-c-terracotta\/#breadcrumb"},"inLanguage":"en-US","potentialAction":[{"@type":"ReadAction","target":["https:\/\/clay212.com\/creations\/pure\/vase-pure-bubble-i-c-terracotta\/"]}]},{"@type":"ImageObject","inLanguage":"en-US","@id":"https:\/\/clay212.com\/creations\/pure\/vase-pure-bubble-i-c-terracotta\/#primaryimage","url":"https:\/\/clay212.com\/wp-content\/uploads\/2023\/08\/Vase-Pure-Bubble-I-C-Terracotta-1.jpg","contentUrl":"https:\/\/clay212.com\/wp-content\/uploads\/2023\/08\/Vase-Pure-Bubble-I-C-Terracotta-1.jpg","width":700,"height":800},{"@type":"BreadcrumbList","@id":"https:\/\/clay212.com\/creations\/pure\/vase-pure-bubble-i-c-terracotta\/#breadcrumb","itemListElement":[{"@type":"ListItem","position":1,"name":"Home","item":"https:\/\/clay212.com\/"},{"@type":"ListItem","position":2,"name":"Cr\u00e9ations","item":"https:\/\/clay212.com\/creations\/"},{"@type":"ListItem","position":3,"name":"Vase Pure Bubble I C Terracotta"}]},{"@type":"WebSite","@id":"https:\/\/clay212.com\/#website","url":"https:\/\/clay212.com\/","name":"Clay212","description":"Poterie authentique &amp; contemporaine","potentialAction":[{"@type":"SearchAction","target":{"@type":"EntryPoint","urlTemplate":"https:\/\/clay212.com\/?s={search_term_string}"},"query-input":{"@type":"PropertyValueSpecification","valueRequired":true,"valueName":"search_term_string"}}],"inLanguage":"en-US"}]}},"_links":{"self":[{"href":"https:\/\/clay212.com\/en\/wp-json\/wp\/v2\/product\/9862","targetHints":{"allow":["GET"]}}],"collection":[{"href":"https:\/\/clay212.com\/en\/wp-json\/wp\/v2\/product"}],"about":[{"href":"https:\/\/clay212.com\/en\/wp-json\/wp\/v2\/types\/product"}],"version-history":[{"count":1,"href":"https:\/\/clay212.com\/en\/wp-json\/wp\/v2\/product\/9862\/revisions"}],"predecessor-version":[{"id":9943,"href":"https:\/\/clay212.com\/en\/wp-json\/wp\/v2\/product\/9862\/revisions\/9943"}],"wp:featuredmedia":[{"embeddable":true,"href":"https:\/\/clay212.com\/en\/wp-json\/wp\/v2\/media\/9822"}],"wp:attachment":[{"href":"https:\/\/clay212.com\/en\/wp-json\/wp\/v2\/media?parent=9862"}],"wp:term":[{"taxonomy":"product_brand","embeddable":true,"href":"https:\/\/clay212.com\/en\/wp-json\/wp\/v2\/product_brand?post=9862"},{"taxonomy":"product_cat","embeddable":true,"href":"https:\/\/clay212.com\/en\/wp-json\/wp\/v2\/product_cat?post=9862"},{"taxonomy":"product_tag","embeddable":true,"href":"https:\/\/clay212.com\/en\/wp-json\/wp\/v2\/product_tag?post=9862"}],"curies":[{"name":"wp","href":"https:\/\/api.w.org\/{rel}","templated":true}]}}