{"id":9901,"date":"2023-08-27T13:09:21","date_gmt":"2023-08-27T11:09:21","guid":{"rendered":"https:\/\/clay212.com\/produit\/uncategorized\/vase-barbaricos-crown-c-blanc\/"},"modified":"2026-01-05T21:21:40","modified_gmt":"2026-01-05T20:21:40","slug":"vase-barbaricos-crown-c-blanc","status":"publish","type":"product","link":"https:\/\/clay212.com\/en\/creations\/barbaricos\/vase-barbaricos-crown-c-blanc\/","title":{"rendered":"Vase Barbaricos Crown C Blanc"},"content":{"rendered":"","protected":false},"excerpt":{"rendered":"<p>Terracotta vase inspired by ancestral Moroccan art, handcrafted by passionate craftsmen, to tell a story of know-how and culture.<\/p>\n<p>H19,5 D14 \u00d811,5<\/p>","protected":false},"featured_media":9539,"template":"","meta":[],"product_brand":[],"product_cat":[76],"product_tag":[],"class_list":{"0":"post-9901","1":"product","2":"type-product","3":"status-publish","4":"has-post-thumbnail","6":"product_cat-barbaricos","8":"first","9":"instock","10":"taxable","11":"shipping-taxable","12":"purchasable","13":"product-type-simple"},"yoast_head":"<!-- This site is optimized with the Yoast SEO plugin v27.4 - https:\/\/yoast.com\/product\/yoast-seo-wordpress\/ -->\n<title>Vase Barbaricos Crown C Blanc - Clay212<\/title>\n<meta name=\"robots\" content=\"index, follow, max-snippet:-1, max-image-preview:large, max-video-preview:-1\" \/>\n<link rel=\"canonical\" href=\"https:\/\/clay212.com\/en\/creations\/barbaricos\/vase-barbaricos-crown-c-blanc\/\" \/>\n<meta property=\"og:locale\" content=\"en_US\" \/>\n<meta property=\"og:type\" content=\"article\" \/>\n<meta property=\"og:title\" content=\"Vase Barbaricos Crown C Blanc - Clay212\" \/>\n<meta property=\"og:description\" content=\"Vase en terre cuite inspir\u00e9 de l&#039;art ancestral marocain, fa\u00e7onn\u00e9 \u00e0 la main par des artisans passionn\u00e9s, pour raconter une histoire de savoir-faire et de culture. H19,5 D14 \u00d811,5\" \/>\n<meta property=\"og:url\" content=\"https:\/\/clay212.com\/en\/creations\/barbaricos\/vase-barbaricos-crown-c-blanc\/\" \/>\n<meta property=\"og:site_name\" content=\"Clay212\" \/>\n<meta property=\"article:modified_time\" content=\"2026-01-05T20:21:40+00:00\" \/>\n<meta property=\"og:image\" content=\"https:\/\/clay212.com\/wp-content\/uploads\/2023\/08\/Vase-Barbaricos-Crown-C-Blanc-1.jpg\" \/>\n\t<meta property=\"og:image:width\" content=\"700\" \/>\n\t<meta property=\"og:image:height\" content=\"800\" \/>\n\t<meta property=\"og:image:type\" content=\"image\/jpeg\" \/>\n<meta name=\"twitter:card\" content=\"summary_large_image\" \/>\n<script type=\"application\/ld+json\" class=\"yoast-schema-graph\">{\"@context\":\"https:\\\/\\\/schema.org\",\"@graph\":[{\"@type\":[\"WebPage\",\"ItemPage\"],\"@id\":\"https:\\\/\\\/clay212.com\\\/creations\\\/barbaricos\\\/vase-barbaricos-crown-c-blanc\\\/\",\"url\":\"https:\\\/\\\/clay212.com\\\/creations\\\/barbaricos\\\/vase-barbaricos-crown-c-blanc\\\/\",\"name\":\"Vase Barbaricos Crown C Blanc - Clay212\",\"isPartOf\":{\"@id\":\"https:\\\/\\\/clay212.com\\\/#website\"},\"primaryImageOfPage\":{\"@id\":\"https:\\\/\\\/clay212.com\\\/creations\\\/barbaricos\\\/vase-barbaricos-crown-c-blanc\\\/#primaryimage\"},\"image\":{\"@id\":\"https:\\\/\\\/clay212.com\\\/creations\\\/barbaricos\\\/vase-barbaricos-crown-c-blanc\\\/#primaryimage\"},\"thumbnailUrl\":\"https:\\\/\\\/clay212.com\\\/wp-content\\\/uploads\\\/2023\\\/08\\\/Vase-Barbaricos-Crown-C-Blanc-1.jpg\",\"datePublished\":\"2023-08-27T11:09:21+00:00\",\"dateModified\":\"2026-01-05T20:21:40+00:00\",\"breadcrumb\":{\"@id\":\"https:\\\/\\\/clay212.com\\\/creations\\\/barbaricos\\\/vase-barbaricos-crown-c-blanc\\\/#breadcrumb\"},\"inLanguage\":\"en-US\",\"potentialAction\":[{\"@type\":\"ReadAction\",\"target\":[\"https:\\\/\\\/clay212.com\\\/creations\\\/barbaricos\\\/vase-barbaricos-crown-c-blanc\\\/\"]}]},{\"@type\":\"ImageObject\",\"inLanguage\":\"en-US\",\"@id\":\"https:\\\/\\\/clay212.com\\\/creations\\\/barbaricos\\\/vase-barbaricos-crown-c-blanc\\\/#primaryimage\",\"url\":\"https:\\\/\\\/clay212.com\\\/wp-content\\\/uploads\\\/2023\\\/08\\\/Vase-Barbaricos-Crown-C-Blanc-1.jpg\",\"contentUrl\":\"https:\\\/\\\/clay212.com\\\/wp-content\\\/uploads\\\/2023\\\/08\\\/Vase-Barbaricos-Crown-C-Blanc-1.jpg\",\"width\":700,\"height\":800},{\"@type\":\"BreadcrumbList\",\"@id\":\"https:\\\/\\\/clay212.com\\\/creations\\\/barbaricos\\\/vase-barbaricos-crown-c-blanc\\\/#breadcrumb\",\"itemListElement\":[{\"@type\":\"ListItem\",\"position\":1,\"name\":\"Home\",\"item\":\"https:\\\/\\\/clay212.com\\\/\"},{\"@type\":\"ListItem\",\"position\":2,\"name\":\"Cr\u00e9ations\",\"item\":\"https:\\\/\\\/clay212.com\\\/creations\\\/\"},{\"@type\":\"ListItem\",\"position\":3,\"name\":\"Vase Barbaricos Crown C Blanc\"}]},{\"@type\":\"WebSite\",\"@id\":\"https:\\\/\\\/clay212.com\\\/#website\",\"url\":\"https:\\\/\\\/clay212.com\\\/\",\"name\":\"Clay212\",\"description\":\"Poterie authentique &amp; contemporaine\",\"potentialAction\":[{\"@type\":\"SearchAction\",\"target\":{\"@type\":\"EntryPoint\",\"urlTemplate\":\"https:\\\/\\\/clay212.com\\\/?s={search_term_string}\"},\"query-input\":{\"@type\":\"PropertyValueSpecification\",\"valueRequired\":true,\"valueName\":\"search_term_string\"}}],\"inLanguage\":\"en-US\"}]}<\/script>\n<!-- \/ Yoast SEO plugin. -->","yoast_head_json":{"title":"Vase Barbaricos Crown C Blanc - Clay212","robots":{"index":"index","follow":"follow","max-snippet":"max-snippet:-1","max-image-preview":"max-image-preview:large","max-video-preview":"max-video-preview:-1"},"canonical":"https:\/\/clay212.com\/en\/creations\/barbaricos\/vase-barbaricos-crown-c-blanc\/","og_locale":"en_US","og_type":"article","og_title":"Vase Barbaricos Crown C Blanc - Clay212","og_description":"Vase en terre cuite inspir\u00e9 de l'art ancestral marocain, fa\u00e7onn\u00e9 \u00e0 la main par des artisans passionn\u00e9s, pour raconter une histoire de savoir-faire et de culture. H19,5 D14 \u00d811,5","og_url":"https:\/\/clay212.com\/en\/creations\/barbaricos\/vase-barbaricos-crown-c-blanc\/","og_site_name":"Clay212","article_modified_time":"2026-01-05T20:21:40+00:00","og_image":[{"width":700,"height":800,"url":"https:\/\/clay212.com\/wp-content\/uploads\/2023\/08\/Vase-Barbaricos-Crown-C-Blanc-1.jpg","type":"image\/jpeg"}],"twitter_card":"summary_large_image","schema":{"@context":"https:\/\/schema.org","@graph":[{"@type":["WebPage","ItemPage"],"@id":"https:\/\/clay212.com\/creations\/barbaricos\/vase-barbaricos-crown-c-blanc\/","url":"https:\/\/clay212.com\/creations\/barbaricos\/vase-barbaricos-crown-c-blanc\/","name":"Vase Barbaricos Crown C Blanc - Clay212","isPartOf":{"@id":"https:\/\/clay212.com\/#website"},"primaryImageOfPage":{"@id":"https:\/\/clay212.com\/creations\/barbaricos\/vase-barbaricos-crown-c-blanc\/#primaryimage"},"image":{"@id":"https:\/\/clay212.com\/creations\/barbaricos\/vase-barbaricos-crown-c-blanc\/#primaryimage"},"thumbnailUrl":"https:\/\/clay212.com\/wp-content\/uploads\/2023\/08\/Vase-Barbaricos-Crown-C-Blanc-1.jpg","datePublished":"2023-08-27T11:09:21+00:00","dateModified":"2026-01-05T20:21:40+00:00","breadcrumb":{"@id":"https:\/\/clay212.com\/creations\/barbaricos\/vase-barbaricos-crown-c-blanc\/#breadcrumb"},"inLanguage":"en-US","potentialAction":[{"@type":"ReadAction","target":["https:\/\/clay212.com\/creations\/barbaricos\/vase-barbaricos-crown-c-blanc\/"]}]},{"@type":"ImageObject","inLanguage":"en-US","@id":"https:\/\/clay212.com\/creations\/barbaricos\/vase-barbaricos-crown-c-blanc\/#primaryimage","url":"https:\/\/clay212.com\/wp-content\/uploads\/2023\/08\/Vase-Barbaricos-Crown-C-Blanc-1.jpg","contentUrl":"https:\/\/clay212.com\/wp-content\/uploads\/2023\/08\/Vase-Barbaricos-Crown-C-Blanc-1.jpg","width":700,"height":800},{"@type":"BreadcrumbList","@id":"https:\/\/clay212.com\/creations\/barbaricos\/vase-barbaricos-crown-c-blanc\/#breadcrumb","itemListElement":[{"@type":"ListItem","position":1,"name":"Home","item":"https:\/\/clay212.com\/"},{"@type":"ListItem","position":2,"name":"Cr\u00e9ations","item":"https:\/\/clay212.com\/creations\/"},{"@type":"ListItem","position":3,"name":"Vase Barbaricos Crown C Blanc"}]},{"@type":"WebSite","@id":"https:\/\/clay212.com\/#website","url":"https:\/\/clay212.com\/","name":"Clay212","description":"Poterie authentique &amp; contemporaine","potentialAction":[{"@type":"SearchAction","target":{"@type":"EntryPoint","urlTemplate":"https:\/\/clay212.com\/?s={search_term_string}"},"query-input":{"@type":"PropertyValueSpecification","valueRequired":true,"valueName":"search_term_string"}}],"inLanguage":"en-US"}]}},"_links":{"self":[{"href":"https:\/\/clay212.com\/en\/wp-json\/wp\/v2\/product\/9901","targetHints":{"allow":["GET"]}}],"collection":[{"href":"https:\/\/clay212.com\/en\/wp-json\/wp\/v2\/product"}],"about":[{"href":"https:\/\/clay212.com\/en\/wp-json\/wp\/v2\/types\/product"}],"version-history":[{"count":1,"href":"https:\/\/clay212.com\/en\/wp-json\/wp\/v2\/product\/9901\/revisions"}],"predecessor-version":[{"id":11423,"href":"https:\/\/clay212.com\/en\/wp-json\/wp\/v2\/product\/9901\/revisions\/11423"}],"wp:featuredmedia":[{"embeddable":true,"href":"https:\/\/clay212.com\/en\/wp-json\/wp\/v2\/media\/9539"}],"wp:attachment":[{"href":"https:\/\/clay212.com\/en\/wp-json\/wp\/v2\/media?parent=9901"}],"wp:term":[{"taxonomy":"product_brand","embeddable":true,"href":"https:\/\/clay212.com\/en\/wp-json\/wp\/v2\/product_brand?post=9901"},{"taxonomy":"product_cat","embeddable":true,"href":"https:\/\/clay212.com\/en\/wp-json\/wp\/v2\/product_cat?post=9901"},{"taxonomy":"product_tag","embeddable":true,"href":"https:\/\/clay212.com\/en\/wp-json\/wp\/v2\/product_tag?post=9901"}],"curies":[{"name":"wp","href":"https:\/\/api.w.org\/{rel}","templated":true}]}}