{"id":9905,"date":"2023-08-27T13:09:22","date_gmt":"2023-08-27T11:09:22","guid":{"rendered":"https:\/\/clay212.com\/produit\/uncategorized\/vase-brut-parallel-b-ivoire\/"},"modified":"2026-01-05T21:21:44","modified_gmt":"2026-01-05T20:21:44","slug":"vase-brut-parallel-b-ivoire","status":"publish","type":"product","link":"https:\/\/clay212.com\/en\/creations\/brut\/vase-brut-parallel-b-ivoire\/","title":{"rendered":"Vase Brut Parallel B Ivoire"},"content":{"rendered":"","protected":false},"excerpt":{"rendered":"<p>Handcrafted terracotta vase, celebrating the uniqueness of each creation crafted with passion. Each vase is a one-of-a-kind work, enhanced by its irregularities that testify to its natural beauty.<\/p>\n<p>H28,5 D19 \u00d812,5<\/p>","protected":false},"featured_media":9638,"template":"","meta":[],"product_brand":[],"product_cat":[75],"product_tag":[],"class_list":{"0":"post-9905","1":"product","2":"type-product","3":"status-publish","4":"has-post-thumbnail","6":"product_cat-brut","8":"first","9":"outofstock","10":"taxable","11":"shipping-taxable","12":"purchasable","13":"product-type-simple"},"yoast_head":"<!-- This site is optimized with the Yoast SEO plugin v27.4 - https:\/\/yoast.com\/product\/yoast-seo-wordpress\/ -->\n<title>Vase Brut Parallel B Ivoire - Clay212<\/title>\n<meta name=\"robots\" content=\"index, follow, max-snippet:-1, max-image-preview:large, max-video-preview:-1\" \/>\n<link rel=\"canonical\" href=\"https:\/\/clay212.com\/en\/creations\/brut\/vase-brut-parallel-b-ivoire\/\" \/>\n<meta property=\"og:locale\" content=\"en_US\" \/>\n<meta property=\"og:type\" content=\"article\" \/>\n<meta property=\"og:title\" content=\"Vase Brut Parallel B Ivoire - Clay212\" \/>\n<meta property=\"og:description\" content=\"Vase en terre cuite artisanal, c\u00e9l\u00e9brant l&#039;unicit\u00e9 de chaque cr\u00e9ation fa\u00e7onn\u00e9e avec passion. Chaque vase est une \u0153uvre unique en son genre, sublim\u00e9e par ses irr\u00e9gularit\u00e9s qui t\u00e9moignent de sa beaut\u00e9 naturelle. H28,5 D19 \u00d812,5\" \/>\n<meta property=\"og:url\" content=\"https:\/\/clay212.com\/en\/creations\/brut\/vase-brut-parallel-b-ivoire\/\" \/>\n<meta property=\"og:site_name\" content=\"Clay212\" \/>\n<meta property=\"article:modified_time\" content=\"2026-01-05T20:21:44+00:00\" \/>\n<meta property=\"og:image\" content=\"https:\/\/clay212.com\/wp-content\/uploads\/2023\/08\/Vase-Brut-Parallel-B-Ivoire-1.jpg\" \/>\n\t<meta property=\"og:image:width\" content=\"700\" \/>\n\t<meta property=\"og:image:height\" content=\"800\" \/>\n\t<meta property=\"og:image:type\" content=\"image\/jpeg\" \/>\n<meta name=\"twitter:card\" content=\"summary_large_image\" \/>\n<script type=\"application\/ld+json\" class=\"yoast-schema-graph\">{\"@context\":\"https:\\\/\\\/schema.org\",\"@graph\":[{\"@type\":[\"WebPage\",\"ItemPage\"],\"@id\":\"https:\\\/\\\/clay212.com\\\/creations\\\/brut\\\/vase-brut-parallel-b-ivoire\\\/\",\"url\":\"https:\\\/\\\/clay212.com\\\/creations\\\/brut\\\/vase-brut-parallel-b-ivoire\\\/\",\"name\":\"Vase Brut Parallel B Ivoire - Clay212\",\"isPartOf\":{\"@id\":\"https:\\\/\\\/clay212.com\\\/#website\"},\"primaryImageOfPage\":{\"@id\":\"https:\\\/\\\/clay212.com\\\/creations\\\/brut\\\/vase-brut-parallel-b-ivoire\\\/#primaryimage\"},\"image\":{\"@id\":\"https:\\\/\\\/clay212.com\\\/creations\\\/brut\\\/vase-brut-parallel-b-ivoire\\\/#primaryimage\"},\"thumbnailUrl\":\"https:\\\/\\\/clay212.com\\\/wp-content\\\/uploads\\\/2023\\\/08\\\/Vase-Brut-Parallel-B-Ivoire-1.jpg\",\"datePublished\":\"2023-08-27T11:09:22+00:00\",\"dateModified\":\"2026-01-05T20:21:44+00:00\",\"breadcrumb\":{\"@id\":\"https:\\\/\\\/clay212.com\\\/creations\\\/brut\\\/vase-brut-parallel-b-ivoire\\\/#breadcrumb\"},\"inLanguage\":\"en-US\",\"potentialAction\":[{\"@type\":\"ReadAction\",\"target\":[\"https:\\\/\\\/clay212.com\\\/creations\\\/brut\\\/vase-brut-parallel-b-ivoire\\\/\"]}]},{\"@type\":\"ImageObject\",\"inLanguage\":\"en-US\",\"@id\":\"https:\\\/\\\/clay212.com\\\/creations\\\/brut\\\/vase-brut-parallel-b-ivoire\\\/#primaryimage\",\"url\":\"https:\\\/\\\/clay212.com\\\/wp-content\\\/uploads\\\/2023\\\/08\\\/Vase-Brut-Parallel-B-Ivoire-1.jpg\",\"contentUrl\":\"https:\\\/\\\/clay212.com\\\/wp-content\\\/uploads\\\/2023\\\/08\\\/Vase-Brut-Parallel-B-Ivoire-1.jpg\",\"width\":700,\"height\":800},{\"@type\":\"BreadcrumbList\",\"@id\":\"https:\\\/\\\/clay212.com\\\/creations\\\/brut\\\/vase-brut-parallel-b-ivoire\\\/#breadcrumb\",\"itemListElement\":[{\"@type\":\"ListItem\",\"position\":1,\"name\":\"Home\",\"item\":\"https:\\\/\\\/clay212.com\\\/\"},{\"@type\":\"ListItem\",\"position\":2,\"name\":\"Cr\u00e9ations\",\"item\":\"https:\\\/\\\/clay212.com\\\/creations\\\/\"},{\"@type\":\"ListItem\",\"position\":3,\"name\":\"Vase Brut Parallel B Ivoire\"}]},{\"@type\":\"WebSite\",\"@id\":\"https:\\\/\\\/clay212.com\\\/#website\",\"url\":\"https:\\\/\\\/clay212.com\\\/\",\"name\":\"Clay212\",\"description\":\"Poterie authentique &amp; contemporaine\",\"potentialAction\":[{\"@type\":\"SearchAction\",\"target\":{\"@type\":\"EntryPoint\",\"urlTemplate\":\"https:\\\/\\\/clay212.com\\\/?s={search_term_string}\"},\"query-input\":{\"@type\":\"PropertyValueSpecification\",\"valueRequired\":true,\"valueName\":\"search_term_string\"}}],\"inLanguage\":\"en-US\"}]}<\/script>\n<!-- \/ Yoast SEO plugin. -->","yoast_head_json":{"title":"Vase Brut Parallel B Ivoire - Clay212","robots":{"index":"index","follow":"follow","max-snippet":"max-snippet:-1","max-image-preview":"max-image-preview:large","max-video-preview":"max-video-preview:-1"},"canonical":"https:\/\/clay212.com\/en\/creations\/brut\/vase-brut-parallel-b-ivoire\/","og_locale":"en_US","og_type":"article","og_title":"Vase Brut Parallel B Ivoire - Clay212","og_description":"Vase en terre cuite artisanal, c\u00e9l\u00e9brant l'unicit\u00e9 de chaque cr\u00e9ation fa\u00e7onn\u00e9e avec passion. Chaque vase est une \u0153uvre unique en son genre, sublim\u00e9e par ses irr\u00e9gularit\u00e9s qui t\u00e9moignent de sa beaut\u00e9 naturelle. H28,5 D19 \u00d812,5","og_url":"https:\/\/clay212.com\/en\/creations\/brut\/vase-brut-parallel-b-ivoire\/","og_site_name":"Clay212","article_modified_time":"2026-01-05T20:21:44+00:00","og_image":[{"width":700,"height":800,"url":"https:\/\/clay212.com\/wp-content\/uploads\/2023\/08\/Vase-Brut-Parallel-B-Ivoire-1.jpg","type":"image\/jpeg"}],"twitter_card":"summary_large_image","schema":{"@context":"https:\/\/schema.org","@graph":[{"@type":["WebPage","ItemPage"],"@id":"https:\/\/clay212.com\/creations\/brut\/vase-brut-parallel-b-ivoire\/","url":"https:\/\/clay212.com\/creations\/brut\/vase-brut-parallel-b-ivoire\/","name":"Vase Brut Parallel B Ivoire - Clay212","isPartOf":{"@id":"https:\/\/clay212.com\/#website"},"primaryImageOfPage":{"@id":"https:\/\/clay212.com\/creations\/brut\/vase-brut-parallel-b-ivoire\/#primaryimage"},"image":{"@id":"https:\/\/clay212.com\/creations\/brut\/vase-brut-parallel-b-ivoire\/#primaryimage"},"thumbnailUrl":"https:\/\/clay212.com\/wp-content\/uploads\/2023\/08\/Vase-Brut-Parallel-B-Ivoire-1.jpg","datePublished":"2023-08-27T11:09:22+00:00","dateModified":"2026-01-05T20:21:44+00:00","breadcrumb":{"@id":"https:\/\/clay212.com\/creations\/brut\/vase-brut-parallel-b-ivoire\/#breadcrumb"},"inLanguage":"en-US","potentialAction":[{"@type":"ReadAction","target":["https:\/\/clay212.com\/creations\/brut\/vase-brut-parallel-b-ivoire\/"]}]},{"@type":"ImageObject","inLanguage":"en-US","@id":"https:\/\/clay212.com\/creations\/brut\/vase-brut-parallel-b-ivoire\/#primaryimage","url":"https:\/\/clay212.com\/wp-content\/uploads\/2023\/08\/Vase-Brut-Parallel-B-Ivoire-1.jpg","contentUrl":"https:\/\/clay212.com\/wp-content\/uploads\/2023\/08\/Vase-Brut-Parallel-B-Ivoire-1.jpg","width":700,"height":800},{"@type":"BreadcrumbList","@id":"https:\/\/clay212.com\/creations\/brut\/vase-brut-parallel-b-ivoire\/#breadcrumb","itemListElement":[{"@type":"ListItem","position":1,"name":"Home","item":"https:\/\/clay212.com\/"},{"@type":"ListItem","position":2,"name":"Cr\u00e9ations","item":"https:\/\/clay212.com\/creations\/"},{"@type":"ListItem","position":3,"name":"Vase Brut Parallel B Ivoire"}]},{"@type":"WebSite","@id":"https:\/\/clay212.com\/#website","url":"https:\/\/clay212.com\/","name":"Clay212","description":"Poterie authentique &amp; contemporaine","potentialAction":[{"@type":"SearchAction","target":{"@type":"EntryPoint","urlTemplate":"https:\/\/clay212.com\/?s={search_term_string}"},"query-input":{"@type":"PropertyValueSpecification","valueRequired":true,"valueName":"search_term_string"}}],"inLanguage":"en-US"}]}},"_links":{"self":[{"href":"https:\/\/clay212.com\/en\/wp-json\/wp\/v2\/product\/9905","targetHints":{"allow":["GET"]}}],"collection":[{"href":"https:\/\/clay212.com\/en\/wp-json\/wp\/v2\/product"}],"about":[{"href":"https:\/\/clay212.com\/en\/wp-json\/wp\/v2\/types\/product"}],"version-history":[{"count":1,"href":"https:\/\/clay212.com\/en\/wp-json\/wp\/v2\/product\/9905\/revisions"}],"predecessor-version":[{"id":11215,"href":"https:\/\/clay212.com\/en\/wp-json\/wp\/v2\/product\/9905\/revisions\/11215"}],"wp:featuredmedia":[{"embeddable":true,"href":"https:\/\/clay212.com\/en\/wp-json\/wp\/v2\/media\/9638"}],"wp:attachment":[{"href":"https:\/\/clay212.com\/en\/wp-json\/wp\/v2\/media?parent=9905"}],"wp:term":[{"taxonomy":"product_brand","embeddable":true,"href":"https:\/\/clay212.com\/en\/wp-json\/wp\/v2\/product_brand?post=9905"},{"taxonomy":"product_cat","embeddable":true,"href":"https:\/\/clay212.com\/en\/wp-json\/wp\/v2\/product_cat?post=9905"},{"taxonomy":"product_tag","embeddable":true,"href":"https:\/\/clay212.com\/en\/wp-json\/wp\/v2\/product_tag?post=9905"}],"curies":[{"name":"wp","href":"https:\/\/api.w.org\/{rel}","templated":true}]}}