{"id":9934,"date":"2023-08-27T13:09:28","date_gmt":"2023-08-27T11:09:28","guid":{"rendered":"https:\/\/clay212.com\/produit\/uncategorized\/vase-geom-knot-b-blanc\/"},"modified":"2026-01-05T21:21:53","modified_gmt":"2026-01-05T20:21:53","slug":"vase-geom-knot-b-blanc","status":"publish","type":"product","link":"https:\/\/clay212.com\/en\/creations\/geom\/vase-geom-knot-b-blanc\/","title":{"rendered":"Vase Geom Knot B Blanc"},"content":{"rendered":"","protected":false},"excerpt":{"rendered":"<p>Modern terracotta vase, entirely handcrafted by passionate craftsmen. Its sleek design blends seamlessly into any decor style, making it an understated yet captivating centerpiece.<\/p>\n<p>H30,5 D19 \u00d810<\/p>","protected":false},"featured_media":9750,"template":"","meta":[],"product_brand":[],"product_cat":[77],"product_tag":[],"class_list":{"0":"post-9934","1":"product","2":"type-product","3":"status-publish","4":"has-post-thumbnail","6":"product_cat-geom","8":"first","9":"outofstock","10":"taxable","11":"shipping-taxable","12":"purchasable","13":"product-type-simple"},"yoast_head":"<!-- This site is optimized with the Yoast SEO plugin v27.4 - https:\/\/yoast.com\/product\/yoast-seo-wordpress\/ -->\n<title>Vase Geom Knot B Blanc - Clay212<\/title>\n<meta name=\"robots\" content=\"index, follow, max-snippet:-1, max-image-preview:large, max-video-preview:-1\" \/>\n<link rel=\"canonical\" href=\"https:\/\/clay212.com\/en\/creations\/geom\/vase-geom-knot-b-blanc\/\" \/>\n<meta property=\"og:locale\" content=\"en_US\" \/>\n<meta property=\"og:type\" content=\"article\" \/>\n<meta property=\"og:title\" content=\"Vase Geom Knot B Blanc - Clay212\" \/>\n<meta property=\"og:description\" content=\"Vase en terre cuite moderne, enti\u00e8rement fa\u00e7onn\u00e9 \u00e0 la main par des artisans passionn\u00e9s. Son design \u00e9pur\u00e9 s&#039;int\u00e8gre parfaitement \u00e0 tout style de d\u00e9coration, en faisant une pi\u00e8ce ma\u00eetresse discr\u00e8te mais captivante. H30,5 D19 \u00d810\" \/>\n<meta property=\"og:url\" content=\"https:\/\/clay212.com\/en\/creations\/geom\/vase-geom-knot-b-blanc\/\" \/>\n<meta property=\"og:site_name\" content=\"Clay212\" \/>\n<meta property=\"article:modified_time\" content=\"2026-01-05T20:21:53+00:00\" \/>\n<meta property=\"og:image\" content=\"https:\/\/clay212.com\/wp-content\/uploads\/2023\/08\/Vase-Geom-Knot-B-Blanc-1.jpg\" \/>\n\t<meta property=\"og:image:width\" content=\"700\" \/>\n\t<meta property=\"og:image:height\" content=\"800\" \/>\n\t<meta property=\"og:image:type\" content=\"image\/jpeg\" \/>\n<meta name=\"twitter:card\" content=\"summary_large_image\" \/>\n<script type=\"application\/ld+json\" class=\"yoast-schema-graph\">{\"@context\":\"https:\\\/\\\/schema.org\",\"@graph\":[{\"@type\":[\"WebPage\",\"ItemPage\"],\"@id\":\"https:\\\/\\\/clay212.com\\\/creations\\\/geom\\\/vase-geom-knot-b-blanc\\\/\",\"url\":\"https:\\\/\\\/clay212.com\\\/creations\\\/geom\\\/vase-geom-knot-b-blanc\\\/\",\"name\":\"Vase Geom Knot B Blanc - Clay212\",\"isPartOf\":{\"@id\":\"https:\\\/\\\/clay212.com\\\/#website\"},\"primaryImageOfPage\":{\"@id\":\"https:\\\/\\\/clay212.com\\\/creations\\\/geom\\\/vase-geom-knot-b-blanc\\\/#primaryimage\"},\"image\":{\"@id\":\"https:\\\/\\\/clay212.com\\\/creations\\\/geom\\\/vase-geom-knot-b-blanc\\\/#primaryimage\"},\"thumbnailUrl\":\"https:\\\/\\\/clay212.com\\\/wp-content\\\/uploads\\\/2023\\\/08\\\/Vase-Geom-Knot-B-Blanc-1.jpg\",\"datePublished\":\"2023-08-27T11:09:28+00:00\",\"dateModified\":\"2026-01-05T20:21:53+00:00\",\"breadcrumb\":{\"@id\":\"https:\\\/\\\/clay212.com\\\/creations\\\/geom\\\/vase-geom-knot-b-blanc\\\/#breadcrumb\"},\"inLanguage\":\"en-US\",\"potentialAction\":[{\"@type\":\"ReadAction\",\"target\":[\"https:\\\/\\\/clay212.com\\\/creations\\\/geom\\\/vase-geom-knot-b-blanc\\\/\"]}]},{\"@type\":\"ImageObject\",\"inLanguage\":\"en-US\",\"@id\":\"https:\\\/\\\/clay212.com\\\/creations\\\/geom\\\/vase-geom-knot-b-blanc\\\/#primaryimage\",\"url\":\"https:\\\/\\\/clay212.com\\\/wp-content\\\/uploads\\\/2023\\\/08\\\/Vase-Geom-Knot-B-Blanc-1.jpg\",\"contentUrl\":\"https:\\\/\\\/clay212.com\\\/wp-content\\\/uploads\\\/2023\\\/08\\\/Vase-Geom-Knot-B-Blanc-1.jpg\",\"width\":700,\"height\":800},{\"@type\":\"BreadcrumbList\",\"@id\":\"https:\\\/\\\/clay212.com\\\/creations\\\/geom\\\/vase-geom-knot-b-blanc\\\/#breadcrumb\",\"itemListElement\":[{\"@type\":\"ListItem\",\"position\":1,\"name\":\"Home\",\"item\":\"https:\\\/\\\/clay212.com\\\/\"},{\"@type\":\"ListItem\",\"position\":2,\"name\":\"Cr\u00e9ations\",\"item\":\"https:\\\/\\\/clay212.com\\\/creations\\\/\"},{\"@type\":\"ListItem\",\"position\":3,\"name\":\"Vase Geom Knot B Blanc\"}]},{\"@type\":\"WebSite\",\"@id\":\"https:\\\/\\\/clay212.com\\\/#website\",\"url\":\"https:\\\/\\\/clay212.com\\\/\",\"name\":\"Clay212\",\"description\":\"Poterie authentique &amp; contemporaine\",\"potentialAction\":[{\"@type\":\"SearchAction\",\"target\":{\"@type\":\"EntryPoint\",\"urlTemplate\":\"https:\\\/\\\/clay212.com\\\/?s={search_term_string}\"},\"query-input\":{\"@type\":\"PropertyValueSpecification\",\"valueRequired\":true,\"valueName\":\"search_term_string\"}}],\"inLanguage\":\"en-US\"}]}<\/script>\n<!-- \/ Yoast SEO plugin. -->","yoast_head_json":{"title":"Vase Geom Knot B Blanc - Clay212","robots":{"index":"index","follow":"follow","max-snippet":"max-snippet:-1","max-image-preview":"max-image-preview:large","max-video-preview":"max-video-preview:-1"},"canonical":"https:\/\/clay212.com\/en\/creations\/geom\/vase-geom-knot-b-blanc\/","og_locale":"en_US","og_type":"article","og_title":"Vase Geom Knot B Blanc - Clay212","og_description":"Vase en terre cuite moderne, enti\u00e8rement fa\u00e7onn\u00e9 \u00e0 la main par des artisans passionn\u00e9s. Son design \u00e9pur\u00e9 s'int\u00e8gre parfaitement \u00e0 tout style de d\u00e9coration, en faisant une pi\u00e8ce ma\u00eetresse discr\u00e8te mais captivante. H30,5 D19 \u00d810","og_url":"https:\/\/clay212.com\/en\/creations\/geom\/vase-geom-knot-b-blanc\/","og_site_name":"Clay212","article_modified_time":"2026-01-05T20:21:53+00:00","og_image":[{"width":700,"height":800,"url":"https:\/\/clay212.com\/wp-content\/uploads\/2023\/08\/Vase-Geom-Knot-B-Blanc-1.jpg","type":"image\/jpeg"}],"twitter_card":"summary_large_image","schema":{"@context":"https:\/\/schema.org","@graph":[{"@type":["WebPage","ItemPage"],"@id":"https:\/\/clay212.com\/creations\/geom\/vase-geom-knot-b-blanc\/","url":"https:\/\/clay212.com\/creations\/geom\/vase-geom-knot-b-blanc\/","name":"Vase Geom Knot B Blanc - Clay212","isPartOf":{"@id":"https:\/\/clay212.com\/#website"},"primaryImageOfPage":{"@id":"https:\/\/clay212.com\/creations\/geom\/vase-geom-knot-b-blanc\/#primaryimage"},"image":{"@id":"https:\/\/clay212.com\/creations\/geom\/vase-geom-knot-b-blanc\/#primaryimage"},"thumbnailUrl":"https:\/\/clay212.com\/wp-content\/uploads\/2023\/08\/Vase-Geom-Knot-B-Blanc-1.jpg","datePublished":"2023-08-27T11:09:28+00:00","dateModified":"2026-01-05T20:21:53+00:00","breadcrumb":{"@id":"https:\/\/clay212.com\/creations\/geom\/vase-geom-knot-b-blanc\/#breadcrumb"},"inLanguage":"en-US","potentialAction":[{"@type":"ReadAction","target":["https:\/\/clay212.com\/creations\/geom\/vase-geom-knot-b-blanc\/"]}]},{"@type":"ImageObject","inLanguage":"en-US","@id":"https:\/\/clay212.com\/creations\/geom\/vase-geom-knot-b-blanc\/#primaryimage","url":"https:\/\/clay212.com\/wp-content\/uploads\/2023\/08\/Vase-Geom-Knot-B-Blanc-1.jpg","contentUrl":"https:\/\/clay212.com\/wp-content\/uploads\/2023\/08\/Vase-Geom-Knot-B-Blanc-1.jpg","width":700,"height":800},{"@type":"BreadcrumbList","@id":"https:\/\/clay212.com\/creations\/geom\/vase-geom-knot-b-blanc\/#breadcrumb","itemListElement":[{"@type":"ListItem","position":1,"name":"Home","item":"https:\/\/clay212.com\/"},{"@type":"ListItem","position":2,"name":"Cr\u00e9ations","item":"https:\/\/clay212.com\/creations\/"},{"@type":"ListItem","position":3,"name":"Vase Geom Knot B Blanc"}]},{"@type":"WebSite","@id":"https:\/\/clay212.com\/#website","url":"https:\/\/clay212.com\/","name":"Clay212","description":"Poterie authentique &amp; contemporaine","potentialAction":[{"@type":"SearchAction","target":{"@type":"EntryPoint","urlTemplate":"https:\/\/clay212.com\/?s={search_term_string}"},"query-input":{"@type":"PropertyValueSpecification","valueRequired":true,"valueName":"search_term_string"}}],"inLanguage":"en-US"}]}},"_links":{"self":[{"href":"https:\/\/clay212.com\/en\/wp-json\/wp\/v2\/product\/9934","targetHints":{"allow":["GET"]}}],"collection":[{"href":"https:\/\/clay212.com\/en\/wp-json\/wp\/v2\/product"}],"about":[{"href":"https:\/\/clay212.com\/en\/wp-json\/wp\/v2\/types\/product"}],"version-history":[{"count":1,"href":"https:\/\/clay212.com\/en\/wp-json\/wp\/v2\/product\/9934\/revisions"}],"predecessor-version":[{"id":11146,"href":"https:\/\/clay212.com\/en\/wp-json\/wp\/v2\/product\/9934\/revisions\/11146"}],"wp:featuredmedia":[{"embeddable":true,"href":"https:\/\/clay212.com\/en\/wp-json\/wp\/v2\/media\/9750"}],"wp:attachment":[{"href":"https:\/\/clay212.com\/en\/wp-json\/wp\/v2\/media?parent=9934"}],"wp:term":[{"taxonomy":"product_brand","embeddable":true,"href":"https:\/\/clay212.com\/en\/wp-json\/wp\/v2\/product_brand?post=9934"},{"taxonomy":"product_cat","embeddable":true,"href":"https:\/\/clay212.com\/en\/wp-json\/wp\/v2\/product_cat?post=9934"},{"taxonomy":"product_tag","embeddable":true,"href":"https:\/\/clay212.com\/en\/wp-json\/wp\/v2\/product_tag?post=9934"}],"curies":[{"name":"wp","href":"https:\/\/api.w.org\/{rel}","templated":true}]}}