{"id":9936,"date":"2023-08-27T13:09:28","date_gmt":"2023-08-27T11:09:28","guid":{"rendered":"https:\/\/clay212.com\/produit\/uncategorized\/vase-geom-strap-b-blanc\/"},"modified":"2026-01-05T21:21:53","modified_gmt":"2026-01-05T20:21:53","slug":"vase-geom-strap-b-blanc","status":"publish","type":"product","link":"https:\/\/clay212.com\/en\/creations\/geom\/vase-geom-strap-b-blanc\/","title":{"rendered":"Vase Geom Strap B Blanc"},"content":{"rendered":"","protected":false},"excerpt":{"rendered":"<p>Handmade terracotta vase, with a sleek and chic design. Every detail is carefully crafted by the craftsmen, ensuring exceptional quality and authentic charm.<\/p>\n<p> H28,5 D17,5 \u00d812<\/p>","protected":false},"featured_media":9753,"template":"","meta":[],"product_brand":[],"product_cat":[77],"product_tag":[],"class_list":{"0":"post-9936","1":"product","2":"type-product","3":"status-publish","4":"has-post-thumbnail","6":"product_cat-geom","8":"first","9":"outofstock","10":"taxable","11":"shipping-taxable","12":"purchasable","13":"product-type-simple"},"yoast_head":"<!-- This site is optimized with the Yoast SEO plugin v27.4 - https:\/\/yoast.com\/product\/yoast-seo-wordpress\/ -->\n<title>Vase Geom Strap B Blanc - Clay212<\/title>\n<meta name=\"robots\" content=\"index, follow, max-snippet:-1, max-image-preview:large, max-video-preview:-1\" \/>\n<link rel=\"canonical\" href=\"https:\/\/clay212.com\/en\/creations\/geom\/vase-geom-strap-b-blanc\/\" \/>\n<meta property=\"og:locale\" content=\"en_US\" \/>\n<meta property=\"og:type\" content=\"article\" \/>\n<meta property=\"og:title\" content=\"Vase Geom Strap B Blanc - Clay212\" \/>\n<meta property=\"og:description\" content=\"Un vase en terre cuite fait main, arborant un design \u00e9pur\u00e9 et chic. Chaque d\u00e9tail est soigneusement r\u00e9alis\u00e9 par les artisans, garantissant une qualit\u00e9 exceptionnelle et un charme authentique.  H28,5 D17,5 \u00d812\" \/>\n<meta property=\"og:url\" content=\"https:\/\/clay212.com\/en\/creations\/geom\/vase-geom-strap-b-blanc\/\" \/>\n<meta property=\"og:site_name\" content=\"Clay212\" \/>\n<meta property=\"article:modified_time\" content=\"2026-01-05T20:21:53+00:00\" \/>\n<meta property=\"og:image\" content=\"https:\/\/clay212.com\/wp-content\/uploads\/2023\/08\/Vase-Geom-Strap-B-Blanc-1.jpg\" \/>\n\t<meta property=\"og:image:width\" content=\"700\" \/>\n\t<meta property=\"og:image:height\" content=\"800\" \/>\n\t<meta property=\"og:image:type\" content=\"image\/jpeg\" \/>\n<meta name=\"twitter:card\" content=\"summary_large_image\" \/>\n<script type=\"application\/ld+json\" class=\"yoast-schema-graph\">{\"@context\":\"https:\\\/\\\/schema.org\",\"@graph\":[{\"@type\":[\"WebPage\",\"ItemPage\"],\"@id\":\"https:\\\/\\\/clay212.com\\\/creations\\\/geom\\\/vase-geom-strap-b-blanc\\\/\",\"url\":\"https:\\\/\\\/clay212.com\\\/creations\\\/geom\\\/vase-geom-strap-b-blanc\\\/\",\"name\":\"Vase Geom Strap B Blanc - Clay212\",\"isPartOf\":{\"@id\":\"https:\\\/\\\/clay212.com\\\/#website\"},\"primaryImageOfPage\":{\"@id\":\"https:\\\/\\\/clay212.com\\\/creations\\\/geom\\\/vase-geom-strap-b-blanc\\\/#primaryimage\"},\"image\":{\"@id\":\"https:\\\/\\\/clay212.com\\\/creations\\\/geom\\\/vase-geom-strap-b-blanc\\\/#primaryimage\"},\"thumbnailUrl\":\"https:\\\/\\\/clay212.com\\\/wp-content\\\/uploads\\\/2023\\\/08\\\/Vase-Geom-Strap-B-Blanc-1.jpg\",\"datePublished\":\"2023-08-27T11:09:28+00:00\",\"dateModified\":\"2026-01-05T20:21:53+00:00\",\"breadcrumb\":{\"@id\":\"https:\\\/\\\/clay212.com\\\/creations\\\/geom\\\/vase-geom-strap-b-blanc\\\/#breadcrumb\"},\"inLanguage\":\"en-US\",\"potentialAction\":[{\"@type\":\"ReadAction\",\"target\":[\"https:\\\/\\\/clay212.com\\\/creations\\\/geom\\\/vase-geom-strap-b-blanc\\\/\"]}]},{\"@type\":\"ImageObject\",\"inLanguage\":\"en-US\",\"@id\":\"https:\\\/\\\/clay212.com\\\/creations\\\/geom\\\/vase-geom-strap-b-blanc\\\/#primaryimage\",\"url\":\"https:\\\/\\\/clay212.com\\\/wp-content\\\/uploads\\\/2023\\\/08\\\/Vase-Geom-Strap-B-Blanc-1.jpg\",\"contentUrl\":\"https:\\\/\\\/clay212.com\\\/wp-content\\\/uploads\\\/2023\\\/08\\\/Vase-Geom-Strap-B-Blanc-1.jpg\",\"width\":700,\"height\":800},{\"@type\":\"BreadcrumbList\",\"@id\":\"https:\\\/\\\/clay212.com\\\/creations\\\/geom\\\/vase-geom-strap-b-blanc\\\/#breadcrumb\",\"itemListElement\":[{\"@type\":\"ListItem\",\"position\":1,\"name\":\"Home\",\"item\":\"https:\\\/\\\/clay212.com\\\/\"},{\"@type\":\"ListItem\",\"position\":2,\"name\":\"Cr\u00e9ations\",\"item\":\"https:\\\/\\\/clay212.com\\\/creations\\\/\"},{\"@type\":\"ListItem\",\"position\":3,\"name\":\"Vase Geom Strap B Blanc\"}]},{\"@type\":\"WebSite\",\"@id\":\"https:\\\/\\\/clay212.com\\\/#website\",\"url\":\"https:\\\/\\\/clay212.com\\\/\",\"name\":\"Clay212\",\"description\":\"Poterie authentique &amp; contemporaine\",\"potentialAction\":[{\"@type\":\"SearchAction\",\"target\":{\"@type\":\"EntryPoint\",\"urlTemplate\":\"https:\\\/\\\/clay212.com\\\/?s={search_term_string}\"},\"query-input\":{\"@type\":\"PropertyValueSpecification\",\"valueRequired\":true,\"valueName\":\"search_term_string\"}}],\"inLanguage\":\"en-US\"}]}<\/script>\n<!-- \/ Yoast SEO plugin. -->","yoast_head_json":{"title":"Vase Geom Strap B Blanc - Clay212","robots":{"index":"index","follow":"follow","max-snippet":"max-snippet:-1","max-image-preview":"max-image-preview:large","max-video-preview":"max-video-preview:-1"},"canonical":"https:\/\/clay212.com\/en\/creations\/geom\/vase-geom-strap-b-blanc\/","og_locale":"en_US","og_type":"article","og_title":"Vase Geom Strap B Blanc - Clay212","og_description":"Un vase en terre cuite fait main, arborant un design \u00e9pur\u00e9 et chic. Chaque d\u00e9tail est soigneusement r\u00e9alis\u00e9 par les artisans, garantissant une qualit\u00e9 exceptionnelle et un charme authentique.  H28,5 D17,5 \u00d812","og_url":"https:\/\/clay212.com\/en\/creations\/geom\/vase-geom-strap-b-blanc\/","og_site_name":"Clay212","article_modified_time":"2026-01-05T20:21:53+00:00","og_image":[{"width":700,"height":800,"url":"https:\/\/clay212.com\/wp-content\/uploads\/2023\/08\/Vase-Geom-Strap-B-Blanc-1.jpg","type":"image\/jpeg"}],"twitter_card":"summary_large_image","schema":{"@context":"https:\/\/schema.org","@graph":[{"@type":["WebPage","ItemPage"],"@id":"https:\/\/clay212.com\/creations\/geom\/vase-geom-strap-b-blanc\/","url":"https:\/\/clay212.com\/creations\/geom\/vase-geom-strap-b-blanc\/","name":"Vase Geom Strap B Blanc - Clay212","isPartOf":{"@id":"https:\/\/clay212.com\/#website"},"primaryImageOfPage":{"@id":"https:\/\/clay212.com\/creations\/geom\/vase-geom-strap-b-blanc\/#primaryimage"},"image":{"@id":"https:\/\/clay212.com\/creations\/geom\/vase-geom-strap-b-blanc\/#primaryimage"},"thumbnailUrl":"https:\/\/clay212.com\/wp-content\/uploads\/2023\/08\/Vase-Geom-Strap-B-Blanc-1.jpg","datePublished":"2023-08-27T11:09:28+00:00","dateModified":"2026-01-05T20:21:53+00:00","breadcrumb":{"@id":"https:\/\/clay212.com\/creations\/geom\/vase-geom-strap-b-blanc\/#breadcrumb"},"inLanguage":"en-US","potentialAction":[{"@type":"ReadAction","target":["https:\/\/clay212.com\/creations\/geom\/vase-geom-strap-b-blanc\/"]}]},{"@type":"ImageObject","inLanguage":"en-US","@id":"https:\/\/clay212.com\/creations\/geom\/vase-geom-strap-b-blanc\/#primaryimage","url":"https:\/\/clay212.com\/wp-content\/uploads\/2023\/08\/Vase-Geom-Strap-B-Blanc-1.jpg","contentUrl":"https:\/\/clay212.com\/wp-content\/uploads\/2023\/08\/Vase-Geom-Strap-B-Blanc-1.jpg","width":700,"height":800},{"@type":"BreadcrumbList","@id":"https:\/\/clay212.com\/creations\/geom\/vase-geom-strap-b-blanc\/#breadcrumb","itemListElement":[{"@type":"ListItem","position":1,"name":"Home","item":"https:\/\/clay212.com\/"},{"@type":"ListItem","position":2,"name":"Cr\u00e9ations","item":"https:\/\/clay212.com\/creations\/"},{"@type":"ListItem","position":3,"name":"Vase Geom Strap B Blanc"}]},{"@type":"WebSite","@id":"https:\/\/clay212.com\/#website","url":"https:\/\/clay212.com\/","name":"Clay212","description":"Poterie authentique &amp; contemporaine","potentialAction":[{"@type":"SearchAction","target":{"@type":"EntryPoint","urlTemplate":"https:\/\/clay212.com\/?s={search_term_string}"},"query-input":{"@type":"PropertyValueSpecification","valueRequired":true,"valueName":"search_term_string"}}],"inLanguage":"en-US"}]}},"_links":{"self":[{"href":"https:\/\/clay212.com\/en\/wp-json\/wp\/v2\/product\/9936","targetHints":{"allow":["GET"]}}],"collection":[{"href":"https:\/\/clay212.com\/en\/wp-json\/wp\/v2\/product"}],"about":[{"href":"https:\/\/clay212.com\/en\/wp-json\/wp\/v2\/types\/product"}],"version-history":[{"count":1,"href":"https:\/\/clay212.com\/en\/wp-json\/wp\/v2\/product\/9936\/revisions"}],"predecessor-version":[{"id":11185,"href":"https:\/\/clay212.com\/en\/wp-json\/wp\/v2\/product\/9936\/revisions\/11185"}],"wp:featuredmedia":[{"embeddable":true,"href":"https:\/\/clay212.com\/en\/wp-json\/wp\/v2\/media\/9753"}],"wp:attachment":[{"href":"https:\/\/clay212.com\/en\/wp-json\/wp\/v2\/media?parent=9936"}],"wp:term":[{"taxonomy":"product_brand","embeddable":true,"href":"https:\/\/clay212.com\/en\/wp-json\/wp\/v2\/product_brand?post=9936"},{"taxonomy":"product_cat","embeddable":true,"href":"https:\/\/clay212.com\/en\/wp-json\/wp\/v2\/product_cat?post=9936"},{"taxonomy":"product_tag","embeddable":true,"href":"https:\/\/clay212.com\/en\/wp-json\/wp\/v2\/product_tag?post=9936"}],"curies":[{"name":"wp","href":"https:\/\/api.w.org\/{rel}","templated":true}]}}